{"id":1087,"date":"2019-11-13T04:23:54","date_gmt":"2019-11-13T09:23:54","guid":{"rendered":"https:\/\/pleac.turnbull.co\/?page_id=1087"},"modified":"2022-11-01T15:07:38","modified_gmt":"2022-11-01T19:07:38","slug":"les-members-actuels","status":"publish","type":"page","link":"https:\/\/pleac2.turnbull.co\/fr\/abonnement\/les-members-actuels\/","title":{"rendered":"Les membres actuels"},"content":{"rendered":"\n<p>Les membres actuels d\u2019ACEIJ sont principalement des organismes publics d&rsquo;\u00e9ducation juridique \u00e0 but unique et ax\u00e9s sur la communaut\u00e9. Nous avons des organisations repr\u00e9sentatives de chaque province et territoire du Canada.<\/p>\n<h4>Alberta<\/h4>\n<ul>\n<li><a href=\"https:\/\/bearpawlegalresources.ca\/\" target=\"_blank\" rel=\"noopener\">BearPaw Media and Education<\/a><\/li>\n<li><a href=\"https:\/\/www.cplea.ca\/\" target=\"_blank\" rel=\"noopener noreferrer\">Centre for Public Legal Education Alberta<\/a><\/li>\n<\/ul>\n<h4>Colombie-Britannique<\/h4>\n<ul>\n<li><a href=\"https:\/\/www.courthouselibrary.ca\/\" target=\"_blank\" rel=\"noopener noreferrer\">Courthouse Library Society BC<\/a><\/li>\n<li><a href=\"https:\/\/www.justiceeducation.ca\/\" target=\"_blank\" rel=\"noopener noreferrer\">Justice Education Society of British Columbia<\/a><\/li>\n<li><a href=\"https:\/\/kinbrace.ca\/\" target=\"_blank\" rel=\"noopener\">Kinbrace<\/a><\/li>\n<li><a href=\"https:\/\/legalaid.bc.ca\/\" target=\"_blank\" rel=\"noopener noreferrer\">Legal Services Society, British Columbia<\/a><\/li>\n<li><a href=\"https:\/\/www.peopleslawschool.ca\/\" target=\"_blank\" rel=\"noopener noreferrer\">People&rsquo;s Law School<\/a><\/li>\n<\/ul>\n<h4>\u00cele-du-Prince-\u00c9douard<\/h4>\n<ul>\n<li><a href=\"http:\/\/www.cliapei.ca\/\" target=\"_blank\" rel=\"noopener noreferrer\">Community Legal Information Association of PEI (CLIA)<\/a><\/li>\n<\/ul>\n<h4>Manitoba<\/h4>\n<ul>\n<li><a href=\"http:\/\/www.communitylegal.mb.ca\/\" target=\"_blank\" rel=\"noopener noreferrer\">Community Legal Education Association (CLEA-Manitoba)<\/a><\/li>\n<\/ul>\n<h4>Nouveau-Brunswick<\/h4>\n<ul>\n<li><a href=\"http:\/\/www.legal-info-legale.nb.ca\/fr\/\" target=\"_blank\" rel=\"noopener noreferrer\">Service public d&rsquo;\u00e9ducation et d&rsquo;information juridiques du NB<\/a><\/li>\n<\/ul>\n<h4>Nouvelle-\u00c9cosse<\/h4>\n<ul>\n<li><a href=\"https:\/\/www.legalinfo.org\/\" target=\"_blank\" rel=\"noopener noreferrer\">Legal Information Society of Nova Scotia (LISNS)<\/a><\/li>\n<\/ul>\n<h4>Nunavut<\/h4>\n<ul>\n<li><a href=\"http:\/\/nulas.ca\/fr\/\" target=\"_blank\" rel=\"noopener noreferrer\">La Commission des services juridiques du Nunavut<\/a><\/li>\n<\/ul>\n<h4>Ontario<\/h4>\n<ul>\n<li><a href=\"https:\/\/www.cleo.on.ca\/fr\" target=\"_blank\" rel=\"noopener noreferrer\">\u00c9ducation juridique communautaire Ontario (CLEO)<\/a><\/li>\n<li><a href=\"http:\/\/ojen.ca\/fr\/\" target=\"_blank\" rel=\"noopener noreferrer\">Le R\u00e9seau ontarien d\u2019\u00e9ducation juridique (ROEJ)<\/a><\/li>\n<\/ul>\n<h4>Qu\u00e9bec<\/h4>\n<ul>\n<li><a href=\"https:\/\/www.educaloi.qc.ca\/\" target=\"_blank\" rel=\"noopener noreferrer\">\u00c9ducaloi<\/a><\/li>\n<\/ul>\n<h4>Saskatchewan<\/h4>\n<ul>\n<li><a href=\"http:\/\/www.plea.org\/\">Public Legal Education Association of Saskatchewan<\/a><\/li>\n<\/ul>\n<h4>Terre-Neuve-et-Labrador<\/h4>\n<ul>\n<li><a href=\"http:\/\/publiclegalinfo.com\/\" target=\"_blank\" rel=\"noopener noreferrer\">Public Legal Information Association of Newfoundland and Labrador (PLIAN)<\/a><\/li>\n<\/ul>\n<h4>Territoires du Nord-Ouest<\/h4>\n<ul>\n<li><a href=\"https:\/\/www.facebook.com\/notes\/public-legal-education-association-of-canada-pleac\/northwest-territories-legal-services-board\/1800004360292281\/\" target=\"_blank\" rel=\"noopener noreferrer\">Northwest Territories Legal Services Board<\/a><\/li>\n<\/ul>\n<h4>Yukon<\/h4>\n<ul>\n<li><a href=\"http:\/\/yplea.com\/\" target=\"_blank\" rel=\"noopener noreferrer\">Yukon Public Legal Education Association<\/a><\/li>\n<\/ul>\n","protected":false},"excerpt":{"rendered":"<p>Les membres actuels d\u2019ACEIJ sont principalement des organismes publics d&rsquo;\u00e9ducation juridique \u00e0 but unique et ax\u00e9s sur la communaut\u00e9. Nous avons des organisations repr\u00e9sentatives de chaque province et territoire du Canada.<br \/>\nAlberta<\/p>\n<p><a href=\"https:\/\/bearpawlegalresources.ca\/\" target=\"_blank\" rel=\"noopener\">BearPaw Media and Education<\/a><br \/>\n<a href=\"https:\/\/www.cplea.ca\/\" target=\"_blank\" rel=\"noopener noreferrer\">Centre for Public Legal Education Alberta<\/a><\/p>\n<p>Colombie-Britannique<\/p>\n<p><a href=\"https:\/\/www.courthouselibrary.ca\/\" target=\"_blank\" rel=\"noopener noreferrer\">Courthouse Library Society BC<\/a><br \/>\n<a href=\"https:\/\/www.justiceeducation.ca\/\" target=\"_blank\" rel=\"noopener noreferrer\">Justice Education Society of British Columbia<\/a><br \/>\n<a href=\"https:\/\/kinbrace.ca\/\" target=\"_blank\" rel=\"noopener\">Kinbrace<\/a><br \/>\n<a href=\"https:\/\/legalaid.bc.ca\/\" target=\"_blank\" rel=\"noopener noreferrer\">Legal Services Society,<\/a><\/p>\n","protected":false},"author":9,"featured_media":0,"parent":1256,"menu_order":0,"comment_status":"closed","ping_status":"closed","template":"","meta":{"_bbp_topic_count":0,"_bbp_reply_count":0,"_bbp_total_topic_count":0,"_bbp_total_reply_count":0,"_bbp_voice_count":0,"_bbp_anonymous_reply_count":0,"_bbp_topic_count_hidden":0,"_bbp_reply_count_hidden":0,"_bbp_forum_subforum_count":0,"inline_featured_image":false,"footnotes":""},"class_list":["post-1087","page","type-page","status-publish","hentry"],"featured_image_src":null,"yoast_head":"<!-- This site is optimized with the Yoast SEO plugin v25.6 - https:\/\/yoast.com\/wordpress\/plugins\/seo\/ -->\n<title>Les membres actuels - Public Legal Education Association of Canada<\/title>\n<meta name=\"robots\" content=\"noindex, follow, max-snippet:-1, max-image-preview:large, max-video-preview:-1\" \/>\n<meta property=\"og:locale\" content=\"fr_FR\" \/>\n<meta property=\"og:type\" content=\"article\" \/>\n<meta property=\"og:title\" content=\"Les membres actuels - Public Legal Education Association of Canada\" \/>\n<meta property=\"og:description\" content=\"Les membres actuels d\u2019ACEIJ sont principalement des organismes publics d&rsquo;\u00e9ducation juridique \u00e0 but unique et ax\u00e9s sur la communaut\u00e9. Nous avons des organisations repr\u00e9sentatives de chaque province et territoire du Canada. Alberta BearPaw Media and Education Centre for Public Legal Education Alberta Colombie-Britannique Courthouse Library Society BC Justice Education Society of British Columbia Kinbrace Legal Services Society,\" \/>\n<meta property=\"og:url\" content=\"https:\/\/pleac2.turnbull.co\/fr\/abonnement\/les-members-actuels\/\" \/>\n<meta property=\"og:site_name\" content=\"Public Legal Education Association of Canada\" \/>\n<meta property=\"article:modified_time\" content=\"2022-11-01T19:07:38+00:00\" \/>\n<meta name=\"twitter:card\" content=\"summary_large_image\" \/>\n<meta name=\"twitter:label1\" content=\"Dur\u00e9e de lecture estim\u00e9e\" \/>\n\t<meta name=\"twitter:data1\" content=\"1 minute\" \/>\n<script type=\"application\/ld+json\" class=\"yoast-schema-graph\">{\"@context\":\"https:\/\/schema.org\",\"@graph\":[{\"@type\":\"WebPage\",\"@id\":\"https:\/\/pleac2.turnbull.co\/fr\/abonnement\/les-members-actuels\/\",\"url\":\"https:\/\/pleac2.turnbull.co\/fr\/abonnement\/les-members-actuels\/\",\"name\":\"Les membres actuels - Public Legal Education Association of Canada\",\"isPartOf\":{\"@id\":\"https:\/\/pleac2.turnbull.co\/fr\/#website\"},\"datePublished\":\"2019-11-13T09:23:54+00:00\",\"dateModified\":\"2022-11-01T19:07:38+00:00\",\"breadcrumb\":{\"@id\":\"https:\/\/pleac2.turnbull.co\/fr\/abonnement\/les-members-actuels\/#breadcrumb\"},\"inLanguage\":\"fr-FR\",\"potentialAction\":[{\"@type\":\"ReadAction\",\"target\":[\"https:\/\/pleac2.turnbull.co\/fr\/abonnement\/les-members-actuels\/\"]}]},{\"@type\":\"BreadcrumbList\",\"@id\":\"https:\/\/pleac2.turnbull.co\/fr\/abonnement\/les-members-actuels\/#breadcrumb\",\"itemListElement\":[{\"@type\":\"ListItem\",\"position\":1,\"name\":\"Home\",\"item\":\"https:\/\/pleac2.turnbull.co\/fr\/\"},{\"@type\":\"ListItem\",\"position\":2,\"name\":\"Abonnement\",\"item\":\"https:\/\/pleac2.turnbull.co\/fr\/abonnement\/\"},{\"@type\":\"ListItem\",\"position\":3,\"name\":\"Les membres actuels\"}]},{\"@type\":\"WebSite\",\"@id\":\"https:\/\/pleac2.turnbull.co\/fr\/#website\",\"url\":\"https:\/\/pleac2.turnbull.co\/fr\/\",\"name\":\"CEO All Clinics\",\"description\":\"\",\"potentialAction\":[{\"@type\":\"SearchAction\",\"target\":{\"@type\":\"EntryPoint\",\"urlTemplate\":\"https:\/\/pleac2.turnbull.co\/fr\/?s={search_term_string}\"},\"query-input\":{\"@type\":\"PropertyValueSpecification\",\"valueRequired\":true,\"valueName\":\"search_term_string\"}}],\"inLanguage\":\"fr-FR\"}]}<\/script>\n<!-- \/ Yoast SEO plugin. -->","yoast_head_json":{"title":"Les membres actuels - Public Legal Education Association of Canada","robots":{"index":"noindex","follow":"follow","max-snippet":"max-snippet:-1","max-image-preview":"max-image-preview:large","max-video-preview":"max-video-preview:-1"},"og_locale":"fr_FR","og_type":"article","og_title":"Les membres actuels - Public Legal Education Association of Canada","og_description":"Les membres actuels d\u2019ACEIJ sont principalement des organismes publics d&rsquo;\u00e9ducation juridique \u00e0 but unique et ax\u00e9s sur la communaut\u00e9. Nous avons des organisations repr\u00e9sentatives de chaque province et territoire du Canada. Alberta BearPaw Media and Education Centre for Public Legal Education Alberta Colombie-Britannique Courthouse Library Society BC Justice Education Society of British Columbia Kinbrace Legal Services Society,","og_url":"https:\/\/pleac2.turnbull.co\/fr\/abonnement\/les-members-actuels\/","og_site_name":"Public Legal Education Association of Canada","article_modified_time":"2022-11-01T19:07:38+00:00","twitter_card":"summary_large_image","twitter_misc":{"Dur\u00e9e de lecture estim\u00e9e":"1 minute"},"schema":{"@context":"https:\/\/schema.org","@graph":[{"@type":"WebPage","@id":"https:\/\/pleac2.turnbull.co\/fr\/abonnement\/les-members-actuels\/","url":"https:\/\/pleac2.turnbull.co\/fr\/abonnement\/les-members-actuels\/","name":"Les membres actuels - Public Legal Education Association of Canada","isPartOf":{"@id":"https:\/\/pleac2.turnbull.co\/fr\/#website"},"datePublished":"2019-11-13T09:23:54+00:00","dateModified":"2022-11-01T19:07:38+00:00","breadcrumb":{"@id":"https:\/\/pleac2.turnbull.co\/fr\/abonnement\/les-members-actuels\/#breadcrumb"},"inLanguage":"fr-FR","potentialAction":[{"@type":"ReadAction","target":["https:\/\/pleac2.turnbull.co\/fr\/abonnement\/les-members-actuels\/"]}]},{"@type":"BreadcrumbList","@id":"https:\/\/pleac2.turnbull.co\/fr\/abonnement\/les-members-actuels\/#breadcrumb","itemListElement":[{"@type":"ListItem","position":1,"name":"Home","item":"https:\/\/pleac2.turnbull.co\/fr\/"},{"@type":"ListItem","position":2,"name":"Abonnement","item":"https:\/\/pleac2.turnbull.co\/fr\/abonnement\/"},{"@type":"ListItem","position":3,"name":"Les membres actuels"}]},{"@type":"WebSite","@id":"https:\/\/pleac2.turnbull.co\/fr\/#website","url":"https:\/\/pleac2.turnbull.co\/fr\/","name":"CEO All Clinics","description":"","potentialAction":[{"@type":"SearchAction","target":{"@type":"EntryPoint","urlTemplate":"https:\/\/pleac2.turnbull.co\/fr\/?s={search_term_string}"},"query-input":{"@type":"PropertyValueSpecification","valueRequired":true,"valueName":"search_term_string"}}],"inLanguage":"fr-FR"}]}},"_links":{"self":[{"href":"https:\/\/pleac2.turnbull.co\/fr\/wp-json\/wp\/v2\/pages\/1087","targetHints":{"allow":["GET"]}}],"collection":[{"href":"https:\/\/pleac2.turnbull.co\/fr\/wp-json\/wp\/v2\/pages"}],"about":[{"href":"https:\/\/pleac2.turnbull.co\/fr\/wp-json\/wp\/v2\/types\/page"}],"author":[{"embeddable":true,"href":"https:\/\/pleac2.turnbull.co\/fr\/wp-json\/wp\/v2\/users\/9"}],"replies":[{"embeddable":true,"href":"https:\/\/pleac2.turnbull.co\/fr\/wp-json\/wp\/v2\/comments?post=1087"}],"version-history":[{"count":6,"href":"https:\/\/pleac2.turnbull.co\/fr\/wp-json\/wp\/v2\/pages\/1087\/revisions"}],"predecessor-version":[{"id":2506,"href":"https:\/\/pleac2.turnbull.co\/fr\/wp-json\/wp\/v2\/pages\/1087\/revisions\/2506"}],"up":[{"embeddable":true,"href":"https:\/\/pleac2.turnbull.co\/fr\/wp-json\/wp\/v2\/pages\/1256"}],"wp:attachment":[{"href":"https:\/\/pleac2.turnbull.co\/fr\/wp-json\/wp\/v2\/media?parent=1087"}],"curies":[{"name":"wp","href":"https:\/\/api.w.org\/{rel}","templated":true}]}}