{"id":1256,"date":"2020-09-16T05:54:09","date_gmt":"2020-09-16T09:54:09","guid":{"rendered":"https:\/\/pleac.turnbull.co\/?page_id=1256"},"modified":"2020-09-16T05:54:12","modified_gmt":"2020-09-16T09:54:12","slug":"abonnement","status":"publish","type":"page","link":"https:\/\/pleac2.turnbull.co\/fr\/abonnement\/","title":{"rendered":"Abonnement"},"content":{"rendered":"\n<p>Les membres d\u2019ACEIJ cr\u00e9ent, diffusent et promeuvent l&rsquo;\u00e9ducation et l&rsquo;information juridiques du public partout au Canada. Si vous \u00eates un producteur de IEJP, nous vous invitons \u00e0 vous joindre \u00e0 notre r\u00e9seau, \u00e0 partager votre information juridique publique et vos ressources \u00e9ducatives, et \u00e0 rencontrer des coll\u00e8gues partout au Canada.<\/p>\n","protected":false},"excerpt":{"rendered":"<p>Les membres d\u2019ACEIJ cr\u00e9ent, diffusent et promeuvent l&rsquo;\u00e9ducation et l&rsquo;information juridiques du public partout au Canada. Si vous \u00eates un producteur de IEJP, nous vous invitons \u00e0 vous joindre \u00e0 notre r\u00e9seau, \u00e0 partager votre information juridique publique et vos ressources \u00e9ducatives, et \u00e0 rencontrer des coll\u00e8gues partout au Canada.<\/p>\n","protected":false},"author":9,"featured_media":0,"parent":0,"menu_order":-8,"comment_status":"closed","ping_status":"closed","template":"","meta":{"_bbp_topic_count":0,"_bbp_reply_count":0,"_bbp_total_topic_count":0,"_bbp_total_reply_count":0,"_bbp_voice_count":0,"_bbp_anonymous_reply_count":0,"_bbp_topic_count_hidden":0,"_bbp_reply_count_hidden":0,"_bbp_forum_subforum_count":0,"inline_featured_image":false,"footnotes":""},"class_list":["post-1256","page","type-page","status-publish","hentry"],"featured_image_src":null,"yoast_head":"<!-- This site is optimized with the Yoast SEO plugin v25.6 - https:\/\/yoast.com\/wordpress\/plugins\/seo\/ -->\n<title>Abonnement - Public Legal Education Association of Canada<\/title>\n<meta name=\"robots\" content=\"noindex, follow, max-snippet:-1, max-image-preview:large, max-video-preview:-1\" \/>\n<meta property=\"og:locale\" content=\"fr_FR\" \/>\n<meta property=\"og:type\" content=\"article\" \/>\n<meta property=\"og:title\" content=\"Abonnement - Public Legal Education Association of Canada\" \/>\n<meta property=\"og:description\" content=\"Les membres d\u2019ACEIJ cr\u00e9ent, diffusent et promeuvent l&rsquo;\u00e9ducation et l&rsquo;information juridiques du public partout au Canada. Si vous \u00eates un producteur de IEJP, nous vous invitons \u00e0 vous joindre \u00e0 notre r\u00e9seau, \u00e0 partager votre information juridique publique et vos ressources \u00e9ducatives, et \u00e0 rencontrer des coll\u00e8gues partout au Canada.\" \/>\n<meta property=\"og:url\" content=\"https:\/\/pleac2.turnbull.co\/fr\/abonnement\/\" \/>\n<meta property=\"og:site_name\" content=\"Public Legal Education Association of Canada\" \/>\n<meta property=\"article:modified_time\" content=\"2020-09-16T09:54:12+00:00\" \/>\n<meta name=\"twitter:card\" content=\"summary_large_image\" \/>\n<script type=\"application\/ld+json\" class=\"yoast-schema-graph\">{\"@context\":\"https:\/\/schema.org\",\"@graph\":[{\"@type\":\"WebPage\",\"@id\":\"https:\/\/pleac2.turnbull.co\/fr\/abonnement\/\",\"url\":\"https:\/\/pleac2.turnbull.co\/fr\/abonnement\/\",\"name\":\"Abonnement - Public Legal Education Association of Canada\",\"isPartOf\":{\"@id\":\"https:\/\/pleac2.turnbull.co\/fr\/#website\"},\"datePublished\":\"2020-09-16T09:54:09+00:00\",\"dateModified\":\"2020-09-16T09:54:12+00:00\",\"breadcrumb\":{\"@id\":\"https:\/\/pleac2.turnbull.co\/fr\/abonnement\/#breadcrumb\"},\"inLanguage\":\"fr-FR\",\"potentialAction\":[{\"@type\":\"ReadAction\",\"target\":[\"https:\/\/pleac2.turnbull.co\/fr\/abonnement\/\"]}]},{\"@type\":\"BreadcrumbList\",\"@id\":\"https:\/\/pleac2.turnbull.co\/fr\/abonnement\/#breadcrumb\",\"itemListElement\":[{\"@type\":\"ListItem\",\"position\":1,\"name\":\"Home\",\"item\":\"https:\/\/pleac2.turnbull.co\/fr\/\"},{\"@type\":\"ListItem\",\"position\":2,\"name\":\"Abonnement\"}]},{\"@type\":\"WebSite\",\"@id\":\"https:\/\/pleac2.turnbull.co\/fr\/#website\",\"url\":\"https:\/\/pleac2.turnbull.co\/fr\/\",\"name\":\"CEO All Clinics\",\"description\":\"\",\"potentialAction\":[{\"@type\":\"SearchAction\",\"target\":{\"@type\":\"EntryPoint\",\"urlTemplate\":\"https:\/\/pleac2.turnbull.co\/fr\/?s={search_term_string}\"},\"query-input\":{\"@type\":\"PropertyValueSpecification\",\"valueRequired\":true,\"valueName\":\"search_term_string\"}}],\"inLanguage\":\"fr-FR\"}]}<\/script>\n<!-- \/ Yoast SEO plugin. -->","yoast_head_json":{"title":"Abonnement - Public Legal Education Association of Canada","robots":{"index":"noindex","follow":"follow","max-snippet":"max-snippet:-1","max-image-preview":"max-image-preview:large","max-video-preview":"max-video-preview:-1"},"og_locale":"fr_FR","og_type":"article","og_title":"Abonnement - Public Legal Education Association of Canada","og_description":"Les membres d\u2019ACEIJ cr\u00e9ent, diffusent et promeuvent l&rsquo;\u00e9ducation et l&rsquo;information juridiques du public partout au Canada. Si vous \u00eates un producteur de IEJP, nous vous invitons \u00e0 vous joindre \u00e0 notre r\u00e9seau, \u00e0 partager votre information juridique publique et vos ressources \u00e9ducatives, et \u00e0 rencontrer des coll\u00e8gues partout au Canada.","og_url":"https:\/\/pleac2.turnbull.co\/fr\/abonnement\/","og_site_name":"Public Legal Education Association of Canada","article_modified_time":"2020-09-16T09:54:12+00:00","twitter_card":"summary_large_image","schema":{"@context":"https:\/\/schema.org","@graph":[{"@type":"WebPage","@id":"https:\/\/pleac2.turnbull.co\/fr\/abonnement\/","url":"https:\/\/pleac2.turnbull.co\/fr\/abonnement\/","name":"Abonnement - Public Legal Education Association of Canada","isPartOf":{"@id":"https:\/\/pleac2.turnbull.co\/fr\/#website"},"datePublished":"2020-09-16T09:54:09+00:00","dateModified":"2020-09-16T09:54:12+00:00","breadcrumb":{"@id":"https:\/\/pleac2.turnbull.co\/fr\/abonnement\/#breadcrumb"},"inLanguage":"fr-FR","potentialAction":[{"@type":"ReadAction","target":["https:\/\/pleac2.turnbull.co\/fr\/abonnement\/"]}]},{"@type":"BreadcrumbList","@id":"https:\/\/pleac2.turnbull.co\/fr\/abonnement\/#breadcrumb","itemListElement":[{"@type":"ListItem","position":1,"name":"Home","item":"https:\/\/pleac2.turnbull.co\/fr\/"},{"@type":"ListItem","position":2,"name":"Abonnement"}]},{"@type":"WebSite","@id":"https:\/\/pleac2.turnbull.co\/fr\/#website","url":"https:\/\/pleac2.turnbull.co\/fr\/","name":"CEO All Clinics","description":"","potentialAction":[{"@type":"SearchAction","target":{"@type":"EntryPoint","urlTemplate":"https:\/\/pleac2.turnbull.co\/fr\/?s={search_term_string}"},"query-input":{"@type":"PropertyValueSpecification","valueRequired":true,"valueName":"search_term_string"}}],"inLanguage":"fr-FR"}]}},"_links":{"self":[{"href":"https:\/\/pleac2.turnbull.co\/fr\/wp-json\/wp\/v2\/pages\/1256","targetHints":{"allow":["GET"]}}],"collection":[{"href":"https:\/\/pleac2.turnbull.co\/fr\/wp-json\/wp\/v2\/pages"}],"about":[{"href":"https:\/\/pleac2.turnbull.co\/fr\/wp-json\/wp\/v2\/types\/page"}],"author":[{"embeddable":true,"href":"https:\/\/pleac2.turnbull.co\/fr\/wp-json\/wp\/v2\/users\/9"}],"replies":[{"embeddable":true,"href":"https:\/\/pleac2.turnbull.co\/fr\/wp-json\/wp\/v2\/comments?post=1256"}],"version-history":[{"count":1,"href":"https:\/\/pleac2.turnbull.co\/fr\/wp-json\/wp\/v2\/pages\/1256\/revisions"}],"predecessor-version":[{"id":1257,"href":"https:\/\/pleac2.turnbull.co\/fr\/wp-json\/wp\/v2\/pages\/1256\/revisions\/1257"}],"wp:attachment":[{"href":"https:\/\/pleac2.turnbull.co\/fr\/wp-json\/wp\/v2\/media?parent=1256"}],"curies":[{"name":"wp","href":"https:\/\/api.w.org\/{rel}","templated":true}]}}