{"id":1275,"date":"2020-09-16T06:11:02","date_gmt":"2020-09-16T10:11:02","guid":{"rendered":"https:\/\/pleac.turnbull.co\/?page_id=1275"},"modified":"2020-11-06T16:19:15","modified_gmt":"2020-11-06T21:19:15","slug":"webinaires-aceij","status":"publish","type":"page","link":"https:\/\/pleac2.turnbull.co\/fr\/notre-travail\/webinaires-aceij\/","title":{"rendered":"Webinaires ACEIJ"},"content":{"rendered":"\n<h2 id=\"tw-target-text\" class=\"tw-data-text tw-text-large XcVN5d tw-ta\" dir=\"ltr\" data-placeholder=\"Translation\"><span lang=\"fr\">Int\u00e9gration vid\u00e9o<\/span><\/h2>\n<p><strong>30 octobre 2020<\/strong><br \/><strong>15h \u2013 16h EST<\/strong><\/p>\n<p id=\"tw-target-text\" class=\"tw-data-text tw-text-large XcVN5d tw-ta\" dir=\"ltr\" data-placeholder=\"Translation\"><span lang=\"fr\">Le sujet de ce webinaire est l&rsquo;int\u00e9gration vid\u00e9o. Fiona MacCool, gestionnaire de projets num\u00e9riques chez CLEO (Community Legal Education Ontario), partage son exp\u00e9rience de l&rsquo;int\u00e9gration de la vid\u00e9o dans les programmes publics d&rsquo;\u00e9ducation juridique. Dans ce webinaire, vous trouverez des conseils sur la fa\u00e7on dont votre organisation peut commencer \u00e0 mettre en \u0153uvre le multim\u00e9dia dans vos documents.<\/span><\/p>\n<p><strong>H\u00f4te<\/strong>: l\u2019ACEIJ <br \/><strong>Pr\u00e9sentateur<\/strong>: Fiona MacCool, Community Legal Education Ontario (CLEO)<\/p>\n<p>Offert exclusivement en anglais<\/p>\n<p>\u00a0<\/p>\n<h2>Outils en ligne<\/h2>\n<p><strong>26 ao\u00fbt 2020<\/strong><br \/><strong>15h \u2013 16h EST<\/strong><\/p>\n<p>Le sujet de ce webinaire est les outils en ligne, o\u00f9 sont explor\u00e9s des conseils, des r\u00e9ussites et des modifications dans la transition des organisations de la programmation en personne \u00e0 la programmation en ligne. Un panel d&rsquo;intervenants s&rsquo;est joint \u00e0 nous pour parler de plusieurs domaines diff\u00e9rents li\u00e9s \u00e0 ce sujet.<\/p>\n<p><strong>H\u00f4te<\/strong>: l\u2019ACEIJ <br \/><strong>Pr\u00e9sentateurs<\/strong>: HeatherDe Berdt Romilly et Allison Smith &#8211; Legal Information Society of Nova Scotia (LISNS), Jeanne Robert &#8211; Migrant Workers &lsquo;Centre BC, AmanDhillon et Nicolas Rodrigo &#8211; Community Legal Clinic &#8211; Simcoe, Haliburton, Kawartha Lakes<\/p>\n<p>Offert exclusivement en anglais<\/p>\n<p>\u00a0<\/p>\n<h2>OBS et Facebook avec \u00c9ducaloi<\/h2>\n<p><strong>29 avril 2020 <\/strong><br \/><strong>14h \u2013 15h EST<\/strong><\/p>\n<p>Dans ce webinaire, nous avons discut\u00e9 de la diffusion en ligne de sessions d&rsquo;informations juridiques. \u00c9ducaloi a r\u00e9cemment commenc\u00e9 \u00e0 exp\u00e9rimenter les diffusions en direct sur Facebook et a appris quelques le\u00e7ons qui peuvent vous aider \u00e0 r\u00e9fl\u00e9chir \u00e0 la mani\u00e8re de rejoindre les gens \u00aben direct\u00bb sur l\u2019iInternet. Le webinaire a \u00e9galement pris du temps pour examiner comment vous pouvez utiliser le logiciel Open Broadcaster (OBS) pour cr\u00e9er une \u00absuperposition\u00bb de flux qui peuvent \u00eatre utilis\u00e9e sur Facebook.<\/p>\n<p><strong>H\u00f4te<\/strong>: PLEAC<br \/><strong>Pr\u00e9sentateur<\/strong>: Alain Deschamps, \u00c9ducaloi<\/p>\n<p>Offert exclusivement en anglais<\/p>\n","protected":false},"excerpt":{"rendered":"<p>Int\u00e9gration vid\u00e9o<br \/>\n30 octobre 2020<br \/>15h \u2013 16h EST<br \/>\nLe sujet de ce webinaire est l&rsquo;int\u00e9gration vid\u00e9o. Fiona MacCool, gestionnaire de projets num\u00e9riques chez CLEO (Community Legal Education Ontario), partage son exp\u00e9rience de l&rsquo;int\u00e9gration de la vid\u00e9o dans les programmes publics d&rsquo;\u00e9ducation juridique. Dans ce webinaire, vous trouverez des conseils sur la fa\u00e7on dont votre organisation peut commencer \u00e0 mettre en \u0153uvre le multim\u00e9dia dans vos documents.<\/p>\n","protected":false},"author":9,"featured_media":0,"parent":1271,"menu_order":0,"comment_status":"closed","ping_status":"closed","template":"template-webinars.php","meta":{"_bbp_topic_count":0,"_bbp_reply_count":0,"_bbp_total_topic_count":0,"_bbp_total_reply_count":0,"_bbp_voice_count":0,"_bbp_anonymous_reply_count":0,"_bbp_topic_count_hidden":0,"_bbp_reply_count_hidden":0,"_bbp_forum_subforum_count":0,"inline_featured_image":false,"footnotes":""},"class_list":["post-1275","page","type-page","status-publish","hentry"],"featured_image_src":null,"yoast_head":"<!-- This site is optimized with the Yoast SEO plugin v25.6 - https:\/\/yoast.com\/wordpress\/plugins\/seo\/ -->\n<title>Webinaires ACEIJ - Public Legal Education Association of Canada<\/title>\n<meta name=\"robots\" content=\"noindex, follow, max-snippet:-1, max-image-preview:large, max-video-preview:-1\" \/>\n<meta property=\"og:locale\" content=\"fr_FR\" \/>\n<meta property=\"og:type\" content=\"article\" \/>\n<meta property=\"og:title\" content=\"Webinaires ACEIJ - Public Legal Education Association of Canada\" \/>\n<meta property=\"og:description\" content=\"Int\u00e9gration vid\u00e9o 30 octobre 202015h \u2013 16h EST Le sujet de ce webinaire est l&rsquo;int\u00e9gration vid\u00e9o. Fiona MacCool, gestionnaire de projets num\u00e9riques chez CLEO (Community Legal Education Ontario), partage son exp\u00e9rience de l&rsquo;int\u00e9gration de la vid\u00e9o dans les programmes publics d&rsquo;\u00e9ducation juridique. Dans ce webinaire, vous trouverez des conseils sur la fa\u00e7on dont votre organisation peut commencer \u00e0 mettre en \u0153uvre le multim\u00e9dia dans vos documents.\" \/>\n<meta property=\"og:url\" content=\"https:\/\/pleac2.turnbull.co\/fr\/notre-travail\/webinaires-aceij\/\" \/>\n<meta property=\"og:site_name\" content=\"Public Legal Education Association of Canada\" \/>\n<meta property=\"article:modified_time\" content=\"2020-11-06T21:19:15+00:00\" \/>\n<meta name=\"twitter:card\" content=\"summary_large_image\" \/>\n<meta name=\"twitter:label1\" content=\"Dur\u00e9e de lecture estim\u00e9e\" \/>\n\t<meta name=\"twitter:data1\" content=\"2 minutes\" \/>\n<script type=\"application\/ld+json\" class=\"yoast-schema-graph\">{\"@context\":\"https:\/\/schema.org\",\"@graph\":[{\"@type\":\"WebPage\",\"@id\":\"https:\/\/pleac2.turnbull.co\/fr\/notre-travail\/webinaires-aceij\/\",\"url\":\"https:\/\/pleac2.turnbull.co\/fr\/notre-travail\/webinaires-aceij\/\",\"name\":\"Webinaires ACEIJ - Public Legal Education Association of Canada\",\"isPartOf\":{\"@id\":\"https:\/\/pleac2.turnbull.co\/fr\/#website\"},\"datePublished\":\"2020-09-16T10:11:02+00:00\",\"dateModified\":\"2020-11-06T21:19:15+00:00\",\"breadcrumb\":{\"@id\":\"https:\/\/pleac2.turnbull.co\/fr\/notre-travail\/webinaires-aceij\/#breadcrumb\"},\"inLanguage\":\"fr-FR\",\"potentialAction\":[{\"@type\":\"ReadAction\",\"target\":[\"https:\/\/pleac2.turnbull.co\/fr\/notre-travail\/webinaires-aceij\/\"]}]},{\"@type\":\"BreadcrumbList\",\"@id\":\"https:\/\/pleac2.turnbull.co\/fr\/notre-travail\/webinaires-aceij\/#breadcrumb\",\"itemListElement\":[{\"@type\":\"ListItem\",\"position\":1,\"name\":\"Home\",\"item\":\"https:\/\/pleac2.turnbull.co\/fr\/\"},{\"@type\":\"ListItem\",\"position\":2,\"name\":\"Notre travail\",\"item\":\"https:\/\/pleac2.turnbull.co\/fr\/notre-travail\/\"},{\"@type\":\"ListItem\",\"position\":3,\"name\":\"Webinaires ACEIJ\"}]},{\"@type\":\"WebSite\",\"@id\":\"https:\/\/pleac2.turnbull.co\/fr\/#website\",\"url\":\"https:\/\/pleac2.turnbull.co\/fr\/\",\"name\":\"CEO All Clinics\",\"description\":\"\",\"potentialAction\":[{\"@type\":\"SearchAction\",\"target\":{\"@type\":\"EntryPoint\",\"urlTemplate\":\"https:\/\/pleac2.turnbull.co\/fr\/?s={search_term_string}\"},\"query-input\":{\"@type\":\"PropertyValueSpecification\",\"valueRequired\":true,\"valueName\":\"search_term_string\"}}],\"inLanguage\":\"fr-FR\"}]}<\/script>\n<!-- \/ Yoast SEO plugin. -->","yoast_head_json":{"title":"Webinaires ACEIJ - Public Legal Education Association of Canada","robots":{"index":"noindex","follow":"follow","max-snippet":"max-snippet:-1","max-image-preview":"max-image-preview:large","max-video-preview":"max-video-preview:-1"},"og_locale":"fr_FR","og_type":"article","og_title":"Webinaires ACEIJ - Public Legal Education Association of Canada","og_description":"Int\u00e9gration vid\u00e9o 30 octobre 202015h \u2013 16h EST Le sujet de ce webinaire est l&rsquo;int\u00e9gration vid\u00e9o. Fiona MacCool, gestionnaire de projets num\u00e9riques chez CLEO (Community Legal Education Ontario), partage son exp\u00e9rience de l&rsquo;int\u00e9gration de la vid\u00e9o dans les programmes publics d&rsquo;\u00e9ducation juridique. Dans ce webinaire, vous trouverez des conseils sur la fa\u00e7on dont votre organisation peut commencer \u00e0 mettre en \u0153uvre le multim\u00e9dia dans vos documents.","og_url":"https:\/\/pleac2.turnbull.co\/fr\/notre-travail\/webinaires-aceij\/","og_site_name":"Public Legal Education Association of Canada","article_modified_time":"2020-11-06T21:19:15+00:00","twitter_card":"summary_large_image","twitter_misc":{"Dur\u00e9e de lecture estim\u00e9e":"2 minutes"},"schema":{"@context":"https:\/\/schema.org","@graph":[{"@type":"WebPage","@id":"https:\/\/pleac2.turnbull.co\/fr\/notre-travail\/webinaires-aceij\/","url":"https:\/\/pleac2.turnbull.co\/fr\/notre-travail\/webinaires-aceij\/","name":"Webinaires ACEIJ - Public Legal Education Association of Canada","isPartOf":{"@id":"https:\/\/pleac2.turnbull.co\/fr\/#website"},"datePublished":"2020-09-16T10:11:02+00:00","dateModified":"2020-11-06T21:19:15+00:00","breadcrumb":{"@id":"https:\/\/pleac2.turnbull.co\/fr\/notre-travail\/webinaires-aceij\/#breadcrumb"},"inLanguage":"fr-FR","potentialAction":[{"@type":"ReadAction","target":["https:\/\/pleac2.turnbull.co\/fr\/notre-travail\/webinaires-aceij\/"]}]},{"@type":"BreadcrumbList","@id":"https:\/\/pleac2.turnbull.co\/fr\/notre-travail\/webinaires-aceij\/#breadcrumb","itemListElement":[{"@type":"ListItem","position":1,"name":"Home","item":"https:\/\/pleac2.turnbull.co\/fr\/"},{"@type":"ListItem","position":2,"name":"Notre travail","item":"https:\/\/pleac2.turnbull.co\/fr\/notre-travail\/"},{"@type":"ListItem","position":3,"name":"Webinaires ACEIJ"}]},{"@type":"WebSite","@id":"https:\/\/pleac2.turnbull.co\/fr\/#website","url":"https:\/\/pleac2.turnbull.co\/fr\/","name":"CEO All Clinics","description":"","potentialAction":[{"@type":"SearchAction","target":{"@type":"EntryPoint","urlTemplate":"https:\/\/pleac2.turnbull.co\/fr\/?s={search_term_string}"},"query-input":{"@type":"PropertyValueSpecification","valueRequired":true,"valueName":"search_term_string"}}],"inLanguage":"fr-FR"}]}},"_links":{"self":[{"href":"https:\/\/pleac2.turnbull.co\/fr\/wp-json\/wp\/v2\/pages\/1275","targetHints":{"allow":["GET"]}}],"collection":[{"href":"https:\/\/pleac2.turnbull.co\/fr\/wp-json\/wp\/v2\/pages"}],"about":[{"href":"https:\/\/pleac2.turnbull.co\/fr\/wp-json\/wp\/v2\/types\/page"}],"author":[{"embeddable":true,"href":"https:\/\/pleac2.turnbull.co\/fr\/wp-json\/wp\/v2\/users\/9"}],"replies":[{"embeddable":true,"href":"https:\/\/pleac2.turnbull.co\/fr\/wp-json\/wp\/v2\/comments?post=1275"}],"version-history":[{"count":4,"href":"https:\/\/pleac2.turnbull.co\/fr\/wp-json\/wp\/v2\/pages\/1275\/revisions"}],"predecessor-version":[{"id":1429,"href":"https:\/\/pleac2.turnbull.co\/fr\/wp-json\/wp\/v2\/pages\/1275\/revisions\/1429"}],"up":[{"embeddable":true,"href":"https:\/\/pleac2.turnbull.co\/fr\/wp-json\/wp\/v2\/pages\/1271"}],"wp:attachment":[{"href":"https:\/\/pleac2.turnbull.co\/fr\/wp-json\/wp\/v2\/media?parent=1275"}],"curies":[{"name":"wp","href":"https:\/\/api.w.org\/{rel}","templated":true}]}}