{"id":1277,"date":"2020-09-16T06:13:35","date_gmt":"2020-09-16T10:13:35","guid":{"rendered":"https:\/\/pleac.turnbull.co\/?page_id=1277"},"modified":"2020-09-16T06:13:37","modified_gmt":"2020-09-16T10:13:37","slug":"ressources-produites-par-nos-membres-pour-les-producteurs-de-iejp","status":"publish","type":"page","link":"https:\/\/pleac2.turnbull.co\/fr\/notre-travail\/ressources-produites-par-nos-membres-pour-les-producteurs-de-iejp\/","title":{"rendered":"Ressources produites par nos membres pour les producteurs de IEJP"},"content":{"rendered":"\n<h2>Les organismes d\u2019\u00e9ducation et d\u2019information juridiques au Canada : leur r\u00f4le unique et leur contribution<\/h2>\n<p>Afin de v\u00e9ritablement assurer \u00ab\u2009l\u2019acc\u00e8s \u00e0 la justice\u2009\u00bb \u2014 c.-\u00e0-d. faire en sorte que l\u2019ensemble de la population du Canada ait acc\u00e8s au syst\u00e8me de justice et puisse y participer efficacement \u2014 les personnes gouvern\u00e9es doivent conna\u00eetre et comprendre les lois qui s\u2019appliquent \u00e0 elles. Au Canada, les gens acqui\u00e8rent cette compr\u00e9hension de plusieurs sources\u00a0: les m\u00e9dias, les \u00e9coles, les organismes communautaires, les centres d\u2019information et les biblioth\u00e8ques, les communications gouvernementales, les amis et la famille, et un grand \u00e9ventail de sites Web.<\/p>\n<p>Au Canada, nous avons la chance de pouvoir compter sur un groupe relativement solide d\u2019organismes qui ont une expertise dans la sensibilisation et dans le d\u00e9veloppement des connaissances juridiques et des comp\u00e9tences connexes qui, ensemble, donnent aux gens les moyens d\u2019agir. Les organismes d\u2019\u00e9ducation et d\u2019information juridiques (EIJ) jouent un r\u00f4le essentiel, et leur impact va bien au-del\u00e0 de leur taille et de leur budget.<\/p>\n<p><strong>Voici certaines des caract\u00e9ristiques particuli\u00e8res des organismes d\u2019EIJ et certains r\u00f4les importants qu\u2019ils ont jou\u00e9s en 2018\u00a0:<\/strong><\/p>\n<ul>\n<li><strong>Les organismes d\u2019EIJ sont organis\u00e9s pour r\u00e9pondre aux besoins du public ou de certains groupes du public et poss\u00e8dent les comp\u00e9tences et l\u2019expertise pour le faire. Ils adoptent une approche \u00ab\u2009ax\u00e9e sur l\u2019utilisateur\u2009\u00bb<\/strong>. Puisqu\u2019ils sont des organismes communautaires de moins grande envergure (relevant de conseils d\u2019administration ind\u00e9pendants), les organismes d\u2019EIJ peuvent r\u00e9pondre \u00e0 ces besoins de fa\u00e7on agile et cr\u00e9ative.<\/li>\n<li><strong>En raison de leur engagement continu \u00e0 surveiller les besoins et \u00e0 y r\u00e9pondre, les organismes d\u2019EIJ savent offrir de l\u2019\u00e9ducation et de l\u2019information d\u2019une fa\u00e7on qui r\u00e9pond efficacement aux besoins les plus prioritaires du public<\/strong>, comme les besoins des nouveaux arrivants au Canada, des personnes \u00e2g\u00e9es ou handicap\u00e9es, des personnes vivant dans la pauvret\u00e9 et des personnes aux moyens modestes qui n\u2019ont pas acc\u00e8s \u00e0 un avocat.<\/li>\n<li><strong>En raison de leur plus petite taille et du mandat unique des organismes d\u2019EIJ, ils sont en mesure de promouvoir et de diriger activement des initiatives de collaboration qui peuvent \u00eatre utilis\u00e9es et adapt\u00e9es par de nombreux partenaires.<\/strong> Les organismes d\u2019EIJ travaillent avec de nombreux partenaires juridiques, gouvernementaux, universitaires et communautaires.<\/li>\n<li><strong>Puisque les organismes d\u2019EIJ portent plusieurs chapeaux \u2014 en tant qu\u2019organismes juridiques, organismes communautaires et organismes d\u2019\u00e9ducation \u2014, ils sont bien positionn\u00e9s pour servir de pont entre le secteur de la justice et le secteur communautaire.<\/strong> En particulier, les organismes d\u2019EIJ travaillent \u00e9troitement avec un \u00e9ventail d\u2019organismes communautaires et d\u2019autres \u00ab\u2009interm\u00e9diaires de confiance\u2009\u00bb. Les \u00e9tudes d\u00e9montrent que la plupart des gens se tournent vers des personnes et des lieux dans leur communaut\u00e9 en qui ils ont confiance pour les aider \u00e0 r\u00e9soudre des probl\u00e8mes juridiques (p. ex. organismes d\u2019aide aux nouveaux arrivants, refuges, m\u00e9decins, enseignants, biblioth\u00e9caires et chefs religieux, etc.).<\/li>\n<li><strong>\u00c0 titre de pont entre le syst\u00e8me de justice, souvent imp\u00e9n\u00e9trable, et les communaut\u00e9s de personnes, les organismes d\u2019EIJ transmettent des renseignements pratiques et utiles qui aident les gens \u00e0 s\u2019orienter dans le syst\u00e8me de justice dans la \u00ab\u2009vraie vie\u2009\u00bb.<\/strong> Les organismes d\u2019EIJ offrent des renseignements pratiques sur la \u00ab\u2009loi\u2009\u00bb dont la loi fonctionne \u2014 par exemple, les avantages et les inconv\u00e9nients des engagements de ne pas troubler la paix publique et des ordonnances restrictives (facilit\u00e9 d\u2019obtention, probabilit\u00e9 d\u2019ex\u00e9cution). Les renseignements qu\u2019ils fournissent vont au-del\u00e0 du libell\u00e9 des lois, des r\u00e8glements et des politiques \u00e9tablis \u2014 ils fournissent des conseils pratiques et essentiels sur la fa\u00e7on dont les gens interagissent avec la loi dans leur vie quotidienne.<\/li>\n<li><strong>Les organismes d\u2019EIJ se sp\u00e9cialisent dans l\u2019information et l\u2019\u00e9ducation juridiques qui refl\u00e8tent l\u2019\u00e9tat actuel de la loi et que le public cible peut ais\u00e9ment comprendre.<\/strong> L\u2019\u00e9ventail de ressources de haute qualit\u00e9 que fournissent les organismes d\u2019EIJ refl\u00e8te leur expertise en langage simple et leur capacit\u00e9 \u00e0 concevoir et \u00e0 offrir des programmes et du mat\u00e9riel destin\u00e9s \u00e0 divers publics cibles pour r\u00e9pondre aux besoins de la communaut\u00e9.<\/li>\n<li><strong>Selon les besoins de la communaut\u00e9, les organismes d\u2019EIJ peuvent fournir des programmes et des ressources dans des langues autres que l\u2019anglais et le fran\u00e7ais ainsi que dans des formats innovants et sur des supports accessibles. <\/strong>Par exemple, l\u2019un des organismes d\u2019EIJ en Colombie\u2011Britannique fournit des ressources sur la traite des personnes dans plusieurs langues alors qu\u2019un autre en Ontario offre des ressources en arabe pour les nouveaux arrivants. L\u2019organisme d\u2019EIJ de la Nouvelle-\u00c9cosse innove en d\u00e9veloppant des applications juridiques accessibles tandis qu\u2019au Nouveau-Brunswick, l\u2019organisme d\u2019EIJ propose des ateliers pour les personnes qui ont des probl\u00e8mes de droit de la famille. L\u2019organisme d\u2019EIJ du Qu\u00e9bec est quant \u00e0 lui un chef de file dans la fourniture d\u2019information juridique en ligne conviviale.<\/li>\n<li><strong>Gr\u00e2ce \u00e0 l\u2019expertise et au r\u00f4le uniques des organismes d\u2019EIJ \u2014 en particulier, leur champ d\u2019action large et profond aupr\u00e8s des interm\u00e9diaires communautaires sur le terrain \u2014 ils r\u00e9ussissent \u00e0 atteindre les personnes aux prises avec des probl\u00e8mes juridiques et \u00e0 leur fournir de l\u2019information cruciale, d\u00e8s le d\u00e9but, avant que leur probl\u00e8me ne s\u2019aggrave. <\/strong>Leur expertise dans l\u2019ex\u00e9cution de programmes li\u00e9s au droit dans des contextes \u00e9ducatifs, par exemple, permet aux jeunes et \u00e0 d\u2019autres personnes d\u2019acqu\u00e9rir les connaissances, les comp\u00e9tences et la confiance n\u00e9cessaires pour prendre des mesures \u00e9clair\u00e9es pour \u00e9viter des probl\u00e8mes juridiques plus tard.<\/li>\n<\/ul>\n<p><strong>En quoi les organismes d\u2019EIJ aident le minist\u00e8re de la Justice Canada (JUS) \u00e0 atteindre ses objectifs<\/strong><\/p>\n<p>Comme mentionn\u00e9 ci-dessus, les organismes d\u2019EIJ jouent un r\u00f4le unique et essentiel pour permettre aux Canadiens et aux Canadiennes de comprendre les dispositions juridiques qui s\u2019applique \u00e0 eux. Les principales caract\u00e9ristiques de ces organismes \u2014 capacit\u00e9 de s\u2019adapter aux besoins de la communaut\u00e9, expertise en langage clair et capacit\u00e9 d\u2019innovation \u2014 leur permettent de contribuer aux efforts du minist\u00e8re de la Justice et d\u2019en augmenter la port\u00e9e. Comme d\u00e9crit ci-dessus, le travail\u00a0des organismes d\u2019EIJ\u00a0:<\/p>\n<ul>\n<li>soutient et renforce directement la capacit\u00e9 des communaut\u00e9s marginalis\u00e9es, y compris les nouveaux arrivants au Canada, \u00e0 comprendre la loi;<\/li>\n<li>renforce la capacit\u00e9 des Canadiens et Canadiennes \u00e0 faible ou \u00e0 moyen revenu \u2014 ceux et celles qui n\u2019ont pas acc\u00e8s \u00e0 l\u2019aide juridique et qui n\u2019ont pas les moyens de retenir les services d\u2019un professionnel du droit qualifi\u00e9 \u2014 \u00e0 participer au syst\u00e8me de justice de fa\u00e7on efficace;<\/li>\n<li>favorise le d\u00e9veloppement des \u00ab\u2009connaissances juridiques\u2009\u00bb et de la \u00ab\u2009capacit\u00e9 juridique\u2009\u00bb\u00a0afin que le\u2009public\u2009soit mieux \u00e9duqu\u00e9 et mieux inform\u00e9, ce qui lui permettra de pr\u00e9venir les probl\u00e8mes juridiques graves et de r\u00e9duire la gravit\u00e9 de tels probl\u00e8mes.<\/li>\n<\/ul>\n<p>De ces fa\u00e7ons, les organismes d\u2019EIJ contribuent \u00e0 l\u2019atteinte du r\u00e9sultat strat\u00e9gique vis\u00e9 par le minist\u00e8re de la Justice, soit de fournir \u00ab\u2009un syst\u00e8me de justice \u00e9quitable, adapt\u00e9 et accessible pour tous les Canadiens\u2009\u00bb. L\u2019impact du travail de ces organismes \u2014 qui est \u00e9norme par rapport aux ressources qu\u2019ils re\u00e7oivent \u2014 est expos\u00e9 dans les rapports fournis par les organismes d\u2019EIJ individuels.<\/p>\n<p>\u00a0<\/p>\n<p>Soumis par les organismes d\u2019EIJ qui re\u00e7oivent du financement de base du minist\u00e8re de la Justice<\/p>\n","protected":false},"excerpt":{"rendered":"<p>Les organismes d\u2019\u00e9ducation et d\u2019information juridiques au Canada : leur r\u00f4le unique et leur contribution<br \/>\nAfin de v\u00e9ritablement assurer \u00ab\u2009l\u2019acc\u00e8s \u00e0 la justice\u2009\u00bb \u2014 c.-\u00e0-d. faire en sorte que l\u2019ensemble de la population du Canada ait acc\u00e8s au syst\u00e8me de justice et puisse y participer efficacement \u2014 les personnes gouvern\u00e9es doivent conna\u00eetre et comprendre les lois qui s\u2019appliquent \u00e0 elles.<\/p>\n","protected":false},"author":9,"featured_media":0,"parent":1271,"menu_order":0,"comment_status":"closed","ping_status":"closed","template":"","meta":{"_bbp_topic_count":0,"_bbp_reply_count":0,"_bbp_total_topic_count":0,"_bbp_total_reply_count":0,"_bbp_voice_count":0,"_bbp_anonymous_reply_count":0,"_bbp_topic_count_hidden":0,"_bbp_reply_count_hidden":0,"_bbp_forum_subforum_count":0,"inline_featured_image":false,"footnotes":""},"class_list":["post-1277","page","type-page","status-publish","hentry"],"featured_image_src":null,"yoast_head":"<!-- This site is optimized with the Yoast SEO plugin v25.6 - https:\/\/yoast.com\/wordpress\/plugins\/seo\/ -->\n<title>Ressources produites par nos membres pour les producteurs de IEJP - Public Legal Education Association of Canada<\/title>\n<meta name=\"robots\" content=\"noindex, follow, max-snippet:-1, max-image-preview:large, max-video-preview:-1\" \/>\n<meta property=\"og:locale\" content=\"fr_FR\" \/>\n<meta property=\"og:type\" content=\"article\" \/>\n<meta property=\"og:title\" content=\"Ressources produites par nos membres pour les producteurs de IEJP - Public Legal Education Association of Canada\" \/>\n<meta property=\"og:description\" content=\"Les organismes d\u2019\u00e9ducation et d\u2019information juridiques au Canada : leur r\u00f4le unique et leur contribution Afin de v\u00e9ritablement assurer \u00ab\u2009l\u2019acc\u00e8s \u00e0 la justice\u2009\u00bb \u2014 c.-\u00e0-d. faire en sorte que l\u2019ensemble de la population du Canada ait acc\u00e8s au syst\u00e8me de justice et puisse y participer efficacement \u2014 les personnes gouvern\u00e9es doivent conna\u00eetre et comprendre les lois qui s\u2019appliquent \u00e0 elles.\" \/>\n<meta property=\"og:url\" content=\"https:\/\/pleac2.turnbull.co\/fr\/notre-travail\/ressources-produites-par-nos-membres-pour-les-producteurs-de-iejp\/\" \/>\n<meta property=\"og:site_name\" content=\"Public Legal Education Association of Canada\" \/>\n<meta property=\"article:modified_time\" content=\"2020-09-16T10:13:37+00:00\" \/>\n<meta name=\"twitter:card\" content=\"summary_large_image\" \/>\n<meta name=\"twitter:label1\" content=\"Dur\u00e9e de lecture estim\u00e9e\" \/>\n\t<meta name=\"twitter:data1\" content=\"6 minutes\" \/>\n<script type=\"application\/ld+json\" class=\"yoast-schema-graph\">{\"@context\":\"https:\/\/schema.org\",\"@graph\":[{\"@type\":\"WebPage\",\"@id\":\"https:\/\/pleac2.turnbull.co\/fr\/notre-travail\/ressources-produites-par-nos-membres-pour-les-producteurs-de-iejp\/\",\"url\":\"https:\/\/pleac2.turnbull.co\/fr\/notre-travail\/ressources-produites-par-nos-membres-pour-les-producteurs-de-iejp\/\",\"name\":\"Ressources produites par nos membres pour les producteurs de IEJP - Public Legal Education Association of Canada\",\"isPartOf\":{\"@id\":\"https:\/\/pleac2.turnbull.co\/fr\/#website\"},\"datePublished\":\"2020-09-16T10:13:35+00:00\",\"dateModified\":\"2020-09-16T10:13:37+00:00\",\"breadcrumb\":{\"@id\":\"https:\/\/pleac2.turnbull.co\/fr\/notre-travail\/ressources-produites-par-nos-membres-pour-les-producteurs-de-iejp\/#breadcrumb\"},\"inLanguage\":\"fr-FR\",\"potentialAction\":[{\"@type\":\"ReadAction\",\"target\":[\"https:\/\/pleac2.turnbull.co\/fr\/notre-travail\/ressources-produites-par-nos-membres-pour-les-producteurs-de-iejp\/\"]}]},{\"@type\":\"BreadcrumbList\",\"@id\":\"https:\/\/pleac2.turnbull.co\/fr\/notre-travail\/ressources-produites-par-nos-membres-pour-les-producteurs-de-iejp\/#breadcrumb\",\"itemListElement\":[{\"@type\":\"ListItem\",\"position\":1,\"name\":\"Home\",\"item\":\"https:\/\/pleac2.turnbull.co\/fr\/\"},{\"@type\":\"ListItem\",\"position\":2,\"name\":\"Notre travail\",\"item\":\"https:\/\/pleac2.turnbull.co\/fr\/notre-travail\/\"},{\"@type\":\"ListItem\",\"position\":3,\"name\":\"Ressources produites par nos membres pour les producteurs de IEJP\"}]},{\"@type\":\"WebSite\",\"@id\":\"https:\/\/pleac2.turnbull.co\/fr\/#website\",\"url\":\"https:\/\/pleac2.turnbull.co\/fr\/\",\"name\":\"CEO All Clinics\",\"description\":\"\",\"potentialAction\":[{\"@type\":\"SearchAction\",\"target\":{\"@type\":\"EntryPoint\",\"urlTemplate\":\"https:\/\/pleac2.turnbull.co\/fr\/?s={search_term_string}\"},\"query-input\":{\"@type\":\"PropertyValueSpecification\",\"valueRequired\":true,\"valueName\":\"search_term_string\"}}],\"inLanguage\":\"fr-FR\"}]}<\/script>\n<!-- \/ Yoast SEO plugin. -->","yoast_head_json":{"title":"Ressources produites par nos membres pour les producteurs de IEJP - Public Legal Education Association of Canada","robots":{"index":"noindex","follow":"follow","max-snippet":"max-snippet:-1","max-image-preview":"max-image-preview:large","max-video-preview":"max-video-preview:-1"},"og_locale":"fr_FR","og_type":"article","og_title":"Ressources produites par nos membres pour les producteurs de IEJP - Public Legal Education Association of Canada","og_description":"Les organismes d\u2019\u00e9ducation et d\u2019information juridiques au Canada : leur r\u00f4le unique et leur contribution Afin de v\u00e9ritablement assurer \u00ab\u2009l\u2019acc\u00e8s \u00e0 la justice\u2009\u00bb \u2014 c.-\u00e0-d. faire en sorte que l\u2019ensemble de la population du Canada ait acc\u00e8s au syst\u00e8me de justice et puisse y participer efficacement \u2014 les personnes gouvern\u00e9es doivent conna\u00eetre et comprendre les lois qui s\u2019appliquent \u00e0 elles.","og_url":"https:\/\/pleac2.turnbull.co\/fr\/notre-travail\/ressources-produites-par-nos-membres-pour-les-producteurs-de-iejp\/","og_site_name":"Public Legal Education Association of Canada","article_modified_time":"2020-09-16T10:13:37+00:00","twitter_card":"summary_large_image","twitter_misc":{"Dur\u00e9e de lecture estim\u00e9e":"6 minutes"},"schema":{"@context":"https:\/\/schema.org","@graph":[{"@type":"WebPage","@id":"https:\/\/pleac2.turnbull.co\/fr\/notre-travail\/ressources-produites-par-nos-membres-pour-les-producteurs-de-iejp\/","url":"https:\/\/pleac2.turnbull.co\/fr\/notre-travail\/ressources-produites-par-nos-membres-pour-les-producteurs-de-iejp\/","name":"Ressources produites par nos membres pour les producteurs de IEJP - Public Legal Education Association of Canada","isPartOf":{"@id":"https:\/\/pleac2.turnbull.co\/fr\/#website"},"datePublished":"2020-09-16T10:13:35+00:00","dateModified":"2020-09-16T10:13:37+00:00","breadcrumb":{"@id":"https:\/\/pleac2.turnbull.co\/fr\/notre-travail\/ressources-produites-par-nos-membres-pour-les-producteurs-de-iejp\/#breadcrumb"},"inLanguage":"fr-FR","potentialAction":[{"@type":"ReadAction","target":["https:\/\/pleac2.turnbull.co\/fr\/notre-travail\/ressources-produites-par-nos-membres-pour-les-producteurs-de-iejp\/"]}]},{"@type":"BreadcrumbList","@id":"https:\/\/pleac2.turnbull.co\/fr\/notre-travail\/ressources-produites-par-nos-membres-pour-les-producteurs-de-iejp\/#breadcrumb","itemListElement":[{"@type":"ListItem","position":1,"name":"Home","item":"https:\/\/pleac2.turnbull.co\/fr\/"},{"@type":"ListItem","position":2,"name":"Notre travail","item":"https:\/\/pleac2.turnbull.co\/fr\/notre-travail\/"},{"@type":"ListItem","position":3,"name":"Ressources produites par nos membres pour les producteurs de IEJP"}]},{"@type":"WebSite","@id":"https:\/\/pleac2.turnbull.co\/fr\/#website","url":"https:\/\/pleac2.turnbull.co\/fr\/","name":"CEO All Clinics","description":"","potentialAction":[{"@type":"SearchAction","target":{"@type":"EntryPoint","urlTemplate":"https:\/\/pleac2.turnbull.co\/fr\/?s={search_term_string}"},"query-input":{"@type":"PropertyValueSpecification","valueRequired":true,"valueName":"search_term_string"}}],"inLanguage":"fr-FR"}]}},"_links":{"self":[{"href":"https:\/\/pleac2.turnbull.co\/fr\/wp-json\/wp\/v2\/pages\/1277","targetHints":{"allow":["GET"]}}],"collection":[{"href":"https:\/\/pleac2.turnbull.co\/fr\/wp-json\/wp\/v2\/pages"}],"about":[{"href":"https:\/\/pleac2.turnbull.co\/fr\/wp-json\/wp\/v2\/types\/page"}],"author":[{"embeddable":true,"href":"https:\/\/pleac2.turnbull.co\/fr\/wp-json\/wp\/v2\/users\/9"}],"replies":[{"embeddable":true,"href":"https:\/\/pleac2.turnbull.co\/fr\/wp-json\/wp\/v2\/comments?post=1277"}],"version-history":[{"count":1,"href":"https:\/\/pleac2.turnbull.co\/fr\/wp-json\/wp\/v2\/pages\/1277\/revisions"}],"predecessor-version":[{"id":1278,"href":"https:\/\/pleac2.turnbull.co\/fr\/wp-json\/wp\/v2\/pages\/1277\/revisions\/1278"}],"up":[{"embeddable":true,"href":"https:\/\/pleac2.turnbull.co\/fr\/wp-json\/wp\/v2\/pages\/1271"}],"wp:attachment":[{"href":"https:\/\/pleac2.turnbull.co\/fr\/wp-json\/wp\/v2\/media?parent=1277"}],"curies":[{"name":"wp","href":"https:\/\/api.w.org\/{rel}","templated":true}]}}