{"id":1280,"date":"2020-09-16T06:15:49","date_gmt":"2020-09-16T10:15:49","guid":{"rendered":"https:\/\/pleac.turnbull.co\/?page_id=1280"},"modified":"2024-08-27T14:49:16","modified_gmt":"2024-08-27T18:49:16","slug":"conference-annuelle","status":"publish","type":"page","link":"https:\/\/pleac2.turnbull.co\/fr\/notre-travail\/conference-annuelle\/","title":{"rendered":"Conf\u00e9rence annuelle"},"content":{"rendered":"\n<p>La Conf\u00e9rence 2023 sur la pr\u00e9vention du harc\u00e8lement sexuel sur le lieu de travail est maintenant termin\u00e9e.<\/p>\n<p>Merci \u00e0 tous ceux qui ont pu y assister en personne et virtuellement pour certaines sessions diffus\u00e9es sur le web. Nous esp\u00e9rons que vous avez pu nouer de nouvelles relations, collaborer et prendre part \u00e0 des conversations int\u00e9ressantes.<\/p>\n<p>Les enregistrements des trois sessions diffus\u00e9es par l&rsquo;A2J sont disponibles sur notre page webinaire <span style=\"color: #800000;\"><a style=\"color: #800000;\" href=\"https:\/\/pleac2.turnbull.co\/fr\/notre-travail\/webinaires-aceij\/\"><strong>ici <\/strong><\/a><span style=\"color: #000000;\">(disponible uniquement en anglais)<\/span><\/span>. Si vous l&rsquo;avez manqu\u00e9 ou si vous souhaitez le revoir, n&rsquo;h\u00e9sitez pas \u00e0 le consulter ainsi que les programmes des webinaires pr\u00e9c\u00e9dents de PLEAC.<\/p>\n<p>Pour consulter le programme de cette ann\u00e9e et la liste des intervenants, voir ci-dessous :<\/p>\n\n\n<iframe loading=\"lazy\" class=\"embed-pdf-viewer\" src=\"https:\/\/pleac2.turnbull.co\/wp-content\/uploads\/2023\/10\/FINAL-FR-PLEAC-Conference-2023-Schedule_3Oct23.pdf\" height=\"300\" width=\"600\" title=\"FINAL-FR-PLEAC-Conference-2023-Schedule_3Oct23\"><\/iframe>\n\n<iframe loading=\"lazy\" class=\"embed-pdf-viewer\" src=\"https:\/\/pleac2.turnbull.co\/wp-content\/uploads\/2023\/10\/FINAL-FR-PLEAC-Conference-2023-Speaker-List_3Oct23.pdf\" height=\"300\" width=\"600\" title=\"FINAL-FR-PLEAC-Conference-2023-Speaker-List_3Oct23\"><\/iframe>\n\n<p>\u00a0<\/p>\n<p>L\u2019ann\u00e9e derni\u00e8re, la conf\u00e9rence a r\u00e9uni les membres de l\u2019ACEIJ et les organisations qui participent au projet de pr\u00e9vention du harc\u00e8lement sexuel au travail. Plus de 100\u00a0personnes ont pu nouer des liens, \u00e9changer de l\u2019information et assister \u00e0 une multitude d\u2019ateliers et de s\u00e9ances pl\u00e9ni\u00e8res, tout en ayant l\u2019occasion d\u2019interagir tout au long de la conf\u00e9rence. Des services d\u2019interpr\u00e9tation simultan\u00e9e ont \u00e9t\u00e9 offerts aux participants francophones et les s\u00e9ances les plus importantes ont \u00e9t\u00e9 diffus\u00e9es sur le Web pour ceux et celles qui ne pouvaient pas assister \u00e0 la conf\u00e9rence en personne. Nous avons re\u00e7u d\u2019excellents commentaires et nous avons h\u00e2te de vous accueillir de nouveau cette ann\u00e9e.<\/p>\n<p><a href=\"https:\/\/pleac2.turnbull.co\/wp-content\/uploads\/2022\/10\/PLEAC-Conference-Schedule-FR.pdf\" target=\"_blank\" rel=\"noopener\"><strong>Cliquez ici<\/strong><\/a> pour consulter le programme de la Conf\u00e9rence annuelle\u00a02022 de l\u2019ACEIJ et de la pr\u00e9vention du harc\u00e8lement sexuel au travail.<\/p>\n<p>Pour obtenir les derni\u00e8res nouvelles sans d\u00e9lai, vous pouvez vous inscrire en tant que membre de l\u2019ACEIJ. Pour toutes les autres mises \u00e0 jour, nous vous invitons \u00e0 consulter cette page r\u00e9guli\u00e8rement.<\/p>\n<p>Merci!<\/p>","protected":false},"excerpt":{"rendered":"<p>La Conf\u00e9rence 2023 sur la pr\u00e9vention du harc\u00e8lement sexuel sur le lieu de travail est maintenant termin\u00e9e.<br \/>\nMerci \u00e0 tous ceux qui ont pu y assister en personne et virtuellement pour certaines sessions diffus\u00e9es sur le web. Nous esp\u00e9rons que vous avez pu nouer de nouvelles relations, collaborer et prendre part \u00e0 des conversations int\u00e9ressantes.<\/p>\n","protected":false},"author":9,"featured_media":0,"parent":1271,"menu_order":0,"comment_status":"closed","ping_status":"closed","template":"","meta":{"_bbp_topic_count":0,"_bbp_reply_count":0,"_bbp_total_topic_count":0,"_bbp_total_reply_count":0,"_bbp_voice_count":0,"_bbp_anonymous_reply_count":0,"_bbp_topic_count_hidden":0,"_bbp_reply_count_hidden":0,"_bbp_forum_subforum_count":0,"inline_featured_image":false,"footnotes":""},"class_list":["post-1280","page","type-page","status-publish","hentry"],"featured_image_src":null,"yoast_head":"<!-- This site is optimized with the Yoast SEO plugin v25.6 - https:\/\/yoast.com\/wordpress\/plugins\/seo\/ -->\n<title>Conf\u00e9rence annuelle - Public Legal Education Association of Canada<\/title>\n<meta name=\"robots\" content=\"noindex, follow, max-snippet:-1, max-image-preview:large, max-video-preview:-1\" \/>\n<meta property=\"og:locale\" content=\"fr_FR\" \/>\n<meta property=\"og:type\" content=\"article\" \/>\n<meta property=\"og:title\" content=\"Conf\u00e9rence annuelle - Public Legal Education Association of Canada\" \/>\n<meta property=\"og:description\" content=\"La Conf\u00e9rence 2023 sur la pr\u00e9vention du harc\u00e8lement sexuel sur le lieu de travail est maintenant termin\u00e9e. Merci \u00e0 tous ceux qui ont pu y assister en personne et virtuellement pour certaines sessions diffus\u00e9es sur le web. Nous esp\u00e9rons que vous avez pu nouer de nouvelles relations, collaborer et prendre part \u00e0 des conversations int\u00e9ressantes.\" \/>\n<meta property=\"og:url\" content=\"https:\/\/pleac2.turnbull.co\/fr\/notre-travail\/conference-annuelle\/\" \/>\n<meta property=\"og:site_name\" content=\"Public Legal Education Association of Canada\" \/>\n<meta property=\"article:modified_time\" content=\"2024-08-27T18:49:16+00:00\" \/>\n<meta name=\"twitter:card\" content=\"summary_large_image\" \/>\n<meta name=\"twitter:label1\" content=\"Dur\u00e9e de lecture estim\u00e9e\" \/>\n\t<meta name=\"twitter:data1\" content=\"2 minutes\" \/>\n<script type=\"application\/ld+json\" class=\"yoast-schema-graph\">{\"@context\":\"https:\/\/schema.org\",\"@graph\":[{\"@type\":\"WebPage\",\"@id\":\"https:\/\/pleac2.turnbull.co\/fr\/notre-travail\/conference-annuelle\/\",\"url\":\"https:\/\/pleac2.turnbull.co\/fr\/notre-travail\/conference-annuelle\/\",\"name\":\"Conf\u00e9rence annuelle - Public Legal Education Association of Canada\",\"isPartOf\":{\"@id\":\"https:\/\/pleac2.turnbull.co\/fr\/#website\"},\"datePublished\":\"2020-09-16T10:15:49+00:00\",\"dateModified\":\"2024-08-27T18:49:16+00:00\",\"breadcrumb\":{\"@id\":\"https:\/\/pleac2.turnbull.co\/fr\/notre-travail\/conference-annuelle\/#breadcrumb\"},\"inLanguage\":\"fr-FR\",\"potentialAction\":[{\"@type\":\"ReadAction\",\"target\":[\"https:\/\/pleac2.turnbull.co\/fr\/notre-travail\/conference-annuelle\/\"]}]},{\"@type\":\"BreadcrumbList\",\"@id\":\"https:\/\/pleac2.turnbull.co\/fr\/notre-travail\/conference-annuelle\/#breadcrumb\",\"itemListElement\":[{\"@type\":\"ListItem\",\"position\":1,\"name\":\"Home\",\"item\":\"https:\/\/pleac2.turnbull.co\/fr\/\"},{\"@type\":\"ListItem\",\"position\":2,\"name\":\"Notre travail\",\"item\":\"https:\/\/pleac2.turnbull.co\/fr\/notre-travail\/\"},{\"@type\":\"ListItem\",\"position\":3,\"name\":\"Conf\u00e9rence annuelle\"}]},{\"@type\":\"WebSite\",\"@id\":\"https:\/\/pleac2.turnbull.co\/fr\/#website\",\"url\":\"https:\/\/pleac2.turnbull.co\/fr\/\",\"name\":\"CEO All Clinics\",\"description\":\"\",\"potentialAction\":[{\"@type\":\"SearchAction\",\"target\":{\"@type\":\"EntryPoint\",\"urlTemplate\":\"https:\/\/pleac2.turnbull.co\/fr\/?s={search_term_string}\"},\"query-input\":{\"@type\":\"PropertyValueSpecification\",\"valueRequired\":true,\"valueName\":\"search_term_string\"}}],\"inLanguage\":\"fr-FR\"}]}<\/script>\n<!-- \/ Yoast SEO plugin. -->","yoast_head_json":{"title":"Conf\u00e9rence annuelle - Public Legal Education Association of Canada","robots":{"index":"noindex","follow":"follow","max-snippet":"max-snippet:-1","max-image-preview":"max-image-preview:large","max-video-preview":"max-video-preview:-1"},"og_locale":"fr_FR","og_type":"article","og_title":"Conf\u00e9rence annuelle - Public Legal Education Association of Canada","og_description":"La Conf\u00e9rence 2023 sur la pr\u00e9vention du harc\u00e8lement sexuel sur le lieu de travail est maintenant termin\u00e9e. Merci \u00e0 tous ceux qui ont pu y assister en personne et virtuellement pour certaines sessions diffus\u00e9es sur le web. Nous esp\u00e9rons que vous avez pu nouer de nouvelles relations, collaborer et prendre part \u00e0 des conversations int\u00e9ressantes.","og_url":"https:\/\/pleac2.turnbull.co\/fr\/notre-travail\/conference-annuelle\/","og_site_name":"Public Legal Education Association of Canada","article_modified_time":"2024-08-27T18:49:16+00:00","twitter_card":"summary_large_image","twitter_misc":{"Dur\u00e9e de lecture estim\u00e9e":"2 minutes"},"schema":{"@context":"https:\/\/schema.org","@graph":[{"@type":"WebPage","@id":"https:\/\/pleac2.turnbull.co\/fr\/notre-travail\/conference-annuelle\/","url":"https:\/\/pleac2.turnbull.co\/fr\/notre-travail\/conference-annuelle\/","name":"Conf\u00e9rence annuelle - Public Legal Education Association of Canada","isPartOf":{"@id":"https:\/\/pleac2.turnbull.co\/fr\/#website"},"datePublished":"2020-09-16T10:15:49+00:00","dateModified":"2024-08-27T18:49:16+00:00","breadcrumb":{"@id":"https:\/\/pleac2.turnbull.co\/fr\/notre-travail\/conference-annuelle\/#breadcrumb"},"inLanguage":"fr-FR","potentialAction":[{"@type":"ReadAction","target":["https:\/\/pleac2.turnbull.co\/fr\/notre-travail\/conference-annuelle\/"]}]},{"@type":"BreadcrumbList","@id":"https:\/\/pleac2.turnbull.co\/fr\/notre-travail\/conference-annuelle\/#breadcrumb","itemListElement":[{"@type":"ListItem","position":1,"name":"Home","item":"https:\/\/pleac2.turnbull.co\/fr\/"},{"@type":"ListItem","position":2,"name":"Notre travail","item":"https:\/\/pleac2.turnbull.co\/fr\/notre-travail\/"},{"@type":"ListItem","position":3,"name":"Conf\u00e9rence annuelle"}]},{"@type":"WebSite","@id":"https:\/\/pleac2.turnbull.co\/fr\/#website","url":"https:\/\/pleac2.turnbull.co\/fr\/","name":"CEO All Clinics","description":"","potentialAction":[{"@type":"SearchAction","target":{"@type":"EntryPoint","urlTemplate":"https:\/\/pleac2.turnbull.co\/fr\/?s={search_term_string}"},"query-input":{"@type":"PropertyValueSpecification","valueRequired":true,"valueName":"search_term_string"}}],"inLanguage":"fr-FR"}]}},"_links":{"self":[{"href":"https:\/\/pleac2.turnbull.co\/fr\/wp-json\/wp\/v2\/pages\/1280","targetHints":{"allow":["GET"]}}],"collection":[{"href":"https:\/\/pleac2.turnbull.co\/fr\/wp-json\/wp\/v2\/pages"}],"about":[{"href":"https:\/\/pleac2.turnbull.co\/fr\/wp-json\/wp\/v2\/types\/page"}],"author":[{"embeddable":true,"href":"https:\/\/pleac2.turnbull.co\/fr\/wp-json\/wp\/v2\/users\/9"}],"replies":[{"embeddable":true,"href":"https:\/\/pleac2.turnbull.co\/fr\/wp-json\/wp\/v2\/comments?post=1280"}],"version-history":[{"count":11,"href":"https:\/\/pleac2.turnbull.co\/fr\/wp-json\/wp\/v2\/pages\/1280\/revisions"}],"predecessor-version":[{"id":3286,"href":"https:\/\/pleac2.turnbull.co\/fr\/wp-json\/wp\/v2\/pages\/1280\/revisions\/3286"}],"up":[{"embeddable":true,"href":"https:\/\/pleac2.turnbull.co\/fr\/wp-json\/wp\/v2\/pages\/1271"}],"wp:attachment":[{"href":"https:\/\/pleac2.turnbull.co\/fr\/wp-json\/wp\/v2\/media?parent=1280"}],"curies":[{"name":"wp","href":"https:\/\/api.w.org\/{rel}","templated":true}]}}