{"id":1282,"date":"2020-09-16T06:17:39","date_gmt":"2020-09-16T10:17:39","guid":{"rendered":"https:\/\/pleac.turnbull.co\/?page_id=1282"},"modified":"2021-08-01T06:41:56","modified_gmt":"2021-08-01T10:41:56","slug":"projet-de-prevention-du-harcelement-sexuel-en-milieu-de-travail","status":"publish","type":"page","link":"https:\/\/pleac2.turnbull.co\/fr\/notre-travail\/projet-de-prevention-du-harcelement-sexuel-en-milieu-de-travail\/","title":{"rendered":"Projet de pr\u00e9vention du harc\u00e8lement sexuel en milieu de travail"},"content":{"rendered":"\n<p>L\u2019ACEIJ a re\u00e7u un financement du minist\u00e8re de la Justice pour le projet de pr\u00e9vention du harc\u00e8lement sexuel en milieu de travail. Cette initiative aidera \u00e0 connecter les organisations de IEJP (information sur l&rsquo;\u00e9ducation juridique publique) \u00e0 travers le Canada pour rendre l\u2019harc\u00e8lement en milieu de travail exempt d\u2019harc\u00e8lement en offrant aux plaignants de harc\u00e8lement sexuel au travail un acc\u00e8s \u00e0 des conseils juridiques lorsqu&rsquo;ils traitent de harc\u00e8lement sexuel en le lieu de travail.<\/p>\n","protected":false},"excerpt":{"rendered":"<p>L\u2019ACEIJ a re\u00e7u un financement du minist\u00e8re de la Justice pour le projet de pr\u00e9vention du harc\u00e8lement sexuel en milieu de travail. Cette initiative aidera \u00e0 connecter les organisations de IEJP (information sur l&rsquo;\u00e9ducation juridique publique) \u00e0 travers le Canada pour rendre l\u2019harc\u00e8lement en milieu de travail exempt d\u2019harc\u00e8lement en offrant aux plaignants de harc\u00e8lement sexuel au travail un acc\u00e8s \u00e0 des conseils juridiques lorsqu&rsquo;ils traitent de harc\u00e8lement sexuel en le lieu de travail.<\/p>\n","protected":false},"author":9,"featured_media":0,"parent":1271,"menu_order":0,"comment_status":"closed","ping_status":"closed","template":"template-shw.php","meta":{"_bbp_topic_count":0,"_bbp_reply_count":0,"_bbp_total_topic_count":0,"_bbp_total_reply_count":0,"_bbp_voice_count":0,"_bbp_anonymous_reply_count":0,"_bbp_topic_count_hidden":0,"_bbp_reply_count_hidden":0,"_bbp_forum_subforum_count":0,"inline_featured_image":false,"footnotes":""},"class_list":["post-1282","page","type-page","status-publish","hentry"],"featured_image_src":null,"yoast_head":"<!-- This site is optimized with the Yoast SEO plugin v25.6 - https:\/\/yoast.com\/wordpress\/plugins\/seo\/ -->\n<title>Projet de pr\u00e9vention du harc\u00e8lement sexuel en milieu de travail - Public Legal Education Association of Canada<\/title>\n<meta name=\"robots\" content=\"noindex, follow, max-snippet:-1, max-image-preview:large, max-video-preview:-1\" \/>\n<meta property=\"og:locale\" content=\"fr_FR\" \/>\n<meta property=\"og:type\" content=\"article\" \/>\n<meta property=\"og:title\" content=\"Projet de pr\u00e9vention du harc\u00e8lement sexuel en milieu de travail - Public Legal Education Association of Canada\" \/>\n<meta property=\"og:description\" content=\"L\u2019ACEIJ a re\u00e7u un financement du minist\u00e8re de la Justice pour le projet de pr\u00e9vention du harc\u00e8lement sexuel en milieu de travail. Cette initiative aidera \u00e0 connecter les organisations de IEJP (information sur l&rsquo;\u00e9ducation juridique publique) \u00e0 travers le Canada pour rendre l\u2019harc\u00e8lement en milieu de travail exempt d\u2019harc\u00e8lement en offrant aux plaignants de harc\u00e8lement sexuel au travail un acc\u00e8s \u00e0 des conseils juridiques lorsqu&rsquo;ils traitent de harc\u00e8lement sexuel en le lieu de travail.\" \/>\n<meta property=\"og:url\" content=\"https:\/\/pleac2.turnbull.co\/fr\/notre-travail\/projet-de-prevention-du-harcelement-sexuel-en-milieu-de-travail\/\" \/>\n<meta property=\"og:site_name\" content=\"Public Legal Education Association of Canada\" \/>\n<meta property=\"article:modified_time\" content=\"2021-08-01T10:41:56+00:00\" \/>\n<meta name=\"twitter:card\" content=\"summary_large_image\" \/>\n<meta name=\"twitter:label1\" content=\"Dur\u00e9e de lecture estim\u00e9e\" \/>\n\t<meta name=\"twitter:data1\" content=\"1 minute\" \/>\n<script type=\"application\/ld+json\" class=\"yoast-schema-graph\">{\"@context\":\"https:\/\/schema.org\",\"@graph\":[{\"@type\":\"WebPage\",\"@id\":\"https:\/\/pleac2.turnbull.co\/fr\/notre-travail\/projet-de-prevention-du-harcelement-sexuel-en-milieu-de-travail\/\",\"url\":\"https:\/\/pleac2.turnbull.co\/fr\/notre-travail\/projet-de-prevention-du-harcelement-sexuel-en-milieu-de-travail\/\",\"name\":\"Projet de pr\u00e9vention du harc\u00e8lement sexuel en milieu de travail - Public Legal Education Association of Canada\",\"isPartOf\":{\"@id\":\"https:\/\/pleac2.turnbull.co\/fr\/#website\"},\"datePublished\":\"2020-09-16T10:17:39+00:00\",\"dateModified\":\"2021-08-01T10:41:56+00:00\",\"breadcrumb\":{\"@id\":\"https:\/\/pleac2.turnbull.co\/fr\/notre-travail\/projet-de-prevention-du-harcelement-sexuel-en-milieu-de-travail\/#breadcrumb\"},\"inLanguage\":\"fr-FR\",\"potentialAction\":[{\"@type\":\"ReadAction\",\"target\":[\"https:\/\/pleac2.turnbull.co\/fr\/notre-travail\/projet-de-prevention-du-harcelement-sexuel-en-milieu-de-travail\/\"]}]},{\"@type\":\"BreadcrumbList\",\"@id\":\"https:\/\/pleac2.turnbull.co\/fr\/notre-travail\/projet-de-prevention-du-harcelement-sexuel-en-milieu-de-travail\/#breadcrumb\",\"itemListElement\":[{\"@type\":\"ListItem\",\"position\":1,\"name\":\"Home\",\"item\":\"https:\/\/pleac2.turnbull.co\/fr\/\"},{\"@type\":\"ListItem\",\"position\":2,\"name\":\"Notre travail\",\"item\":\"https:\/\/pleac2.turnbull.co\/fr\/notre-travail\/\"},{\"@type\":\"ListItem\",\"position\":3,\"name\":\"Projet de pr\u00e9vention du harc\u00e8lement sexuel en milieu de travail\"}]},{\"@type\":\"WebSite\",\"@id\":\"https:\/\/pleac2.turnbull.co\/fr\/#website\",\"url\":\"https:\/\/pleac2.turnbull.co\/fr\/\",\"name\":\"CEO All Clinics\",\"description\":\"\",\"potentialAction\":[{\"@type\":\"SearchAction\",\"target\":{\"@type\":\"EntryPoint\",\"urlTemplate\":\"https:\/\/pleac2.turnbull.co\/fr\/?s={search_term_string}\"},\"query-input\":{\"@type\":\"PropertyValueSpecification\",\"valueRequired\":true,\"valueName\":\"search_term_string\"}}],\"inLanguage\":\"fr-FR\"}]}<\/script>\n<!-- \/ Yoast SEO plugin. -->","yoast_head_json":{"title":"Projet de pr\u00e9vention du harc\u00e8lement sexuel en milieu de travail - Public Legal Education Association of Canada","robots":{"index":"noindex","follow":"follow","max-snippet":"max-snippet:-1","max-image-preview":"max-image-preview:large","max-video-preview":"max-video-preview:-1"},"og_locale":"fr_FR","og_type":"article","og_title":"Projet de pr\u00e9vention du harc\u00e8lement sexuel en milieu de travail - Public Legal Education Association of Canada","og_description":"L\u2019ACEIJ a re\u00e7u un financement du minist\u00e8re de la Justice pour le projet de pr\u00e9vention du harc\u00e8lement sexuel en milieu de travail. Cette initiative aidera \u00e0 connecter les organisations de IEJP (information sur l&rsquo;\u00e9ducation juridique publique) \u00e0 travers le Canada pour rendre l\u2019harc\u00e8lement en milieu de travail exempt d\u2019harc\u00e8lement en offrant aux plaignants de harc\u00e8lement sexuel au travail un acc\u00e8s \u00e0 des conseils juridiques lorsqu&rsquo;ils traitent de harc\u00e8lement sexuel en le lieu de travail.","og_url":"https:\/\/pleac2.turnbull.co\/fr\/notre-travail\/projet-de-prevention-du-harcelement-sexuel-en-milieu-de-travail\/","og_site_name":"Public Legal Education Association of Canada","article_modified_time":"2021-08-01T10:41:56+00:00","twitter_card":"summary_large_image","twitter_misc":{"Dur\u00e9e de lecture estim\u00e9e":"1 minute"},"schema":{"@context":"https:\/\/schema.org","@graph":[{"@type":"WebPage","@id":"https:\/\/pleac2.turnbull.co\/fr\/notre-travail\/projet-de-prevention-du-harcelement-sexuel-en-milieu-de-travail\/","url":"https:\/\/pleac2.turnbull.co\/fr\/notre-travail\/projet-de-prevention-du-harcelement-sexuel-en-milieu-de-travail\/","name":"Projet de pr\u00e9vention du harc\u00e8lement sexuel en milieu de travail - Public Legal Education Association of Canada","isPartOf":{"@id":"https:\/\/pleac2.turnbull.co\/fr\/#website"},"datePublished":"2020-09-16T10:17:39+00:00","dateModified":"2021-08-01T10:41:56+00:00","breadcrumb":{"@id":"https:\/\/pleac2.turnbull.co\/fr\/notre-travail\/projet-de-prevention-du-harcelement-sexuel-en-milieu-de-travail\/#breadcrumb"},"inLanguage":"fr-FR","potentialAction":[{"@type":"ReadAction","target":["https:\/\/pleac2.turnbull.co\/fr\/notre-travail\/projet-de-prevention-du-harcelement-sexuel-en-milieu-de-travail\/"]}]},{"@type":"BreadcrumbList","@id":"https:\/\/pleac2.turnbull.co\/fr\/notre-travail\/projet-de-prevention-du-harcelement-sexuel-en-milieu-de-travail\/#breadcrumb","itemListElement":[{"@type":"ListItem","position":1,"name":"Home","item":"https:\/\/pleac2.turnbull.co\/fr\/"},{"@type":"ListItem","position":2,"name":"Notre travail","item":"https:\/\/pleac2.turnbull.co\/fr\/notre-travail\/"},{"@type":"ListItem","position":3,"name":"Projet de pr\u00e9vention du harc\u00e8lement sexuel en milieu de travail"}]},{"@type":"WebSite","@id":"https:\/\/pleac2.turnbull.co\/fr\/#website","url":"https:\/\/pleac2.turnbull.co\/fr\/","name":"CEO All Clinics","description":"","potentialAction":[{"@type":"SearchAction","target":{"@type":"EntryPoint","urlTemplate":"https:\/\/pleac2.turnbull.co\/fr\/?s={search_term_string}"},"query-input":{"@type":"PropertyValueSpecification","valueRequired":true,"valueName":"search_term_string"}}],"inLanguage":"fr-FR"}]}},"_links":{"self":[{"href":"https:\/\/pleac2.turnbull.co\/fr\/wp-json\/wp\/v2\/pages\/1282","targetHints":{"allow":["GET"]}}],"collection":[{"href":"https:\/\/pleac2.turnbull.co\/fr\/wp-json\/wp\/v2\/pages"}],"about":[{"href":"https:\/\/pleac2.turnbull.co\/fr\/wp-json\/wp\/v2\/types\/page"}],"author":[{"embeddable":true,"href":"https:\/\/pleac2.turnbull.co\/fr\/wp-json\/wp\/v2\/users\/9"}],"replies":[{"embeddable":true,"href":"https:\/\/pleac2.turnbull.co\/fr\/wp-json\/wp\/v2\/comments?post=1282"}],"version-history":[{"count":9,"href":"https:\/\/pleac2.turnbull.co\/fr\/wp-json\/wp\/v2\/pages\/1282\/revisions"}],"predecessor-version":[{"id":1897,"href":"https:\/\/pleac2.turnbull.co\/fr\/wp-json\/wp\/v2\/pages\/1282\/revisions\/1897"}],"up":[{"embeddable":true,"href":"https:\/\/pleac2.turnbull.co\/fr\/wp-json\/wp\/v2\/pages\/1271"}],"wp:attachment":[{"href":"https:\/\/pleac2.turnbull.co\/fr\/wp-json\/wp\/v2\/media?parent=1282"}],"curies":[{"name":"wp","href":"https:\/\/api.w.org\/{rel}","templated":true}]}}