{"id":2113,"date":"2021-08-23T06:20:57","date_gmt":"2021-08-23T10:20:57","guid":{"rendered":"https:\/\/pleac2.turnbull.co\/?page_id=2113"},"modified":"2021-10-29T15:55:15","modified_gmt":"2021-10-29T19:55:15","slug":"devenir-membre-de-laceij","status":"publish","type":"page","link":"https:\/\/pleac2.turnbull.co\/fr\/abonnement\/devenir-membre-de-laceij\/","title":{"rendered":"Devenir membre de l\u2019ACEIJ"},"content":{"rendered":"\n<p>L\u2019ACEIJ invite les ami.e.s du secteur de l\u2019EIJ \u00e0 devenir membres organisationnels ou individuels. Les membres jouissent de plusieurs avantages, comme des webinaires en direct, un forum de discussion en ligne et un tarif pr\u00e9f\u00e9rentiel pour le congr\u00e8s annuel.<\/p>\n<p>Si vous avez des questions, veuillez communiquer avec Hanna Kaploun, coordonnatrice de projet de l\u2019ACEIJ, \u00e0 <a href=\"mailto:hkaploun@pleac-aceij.ca\">hkaploun@pleac-aceij.ca<\/a>.<\/p>\n","protected":false},"excerpt":{"rendered":"<p>L\u2019ACEIJ invite les ami.e.s du secteur de l\u2019EIJ \u00e0 devenir membres organisationnels ou individuels. Les membres jouissent de plusieurs avantages, comme des webinaires en direct, un forum de discussion en ligne et un tarif pr\u00e9f\u00e9rentiel pour le congr\u00e8s annuel.<br \/>\nSi vous avez des questions, veuillez communiquer avec Hanna Kaploun, coordonnatrice de projet de l\u2019ACEIJ,<\/p>\n","protected":false},"author":12,"featured_media":0,"parent":1256,"menu_order":0,"comment_status":"closed","ping_status":"closed","template":"template-become-member.php","meta":{"_bbp_topic_count":0,"_bbp_reply_count":0,"_bbp_total_topic_count":0,"_bbp_total_reply_count":0,"_bbp_voice_count":0,"_bbp_anonymous_reply_count":0,"_bbp_topic_count_hidden":0,"_bbp_reply_count_hidden":0,"_bbp_forum_subforum_count":0,"inline_featured_image":false,"footnotes":""},"class_list":["post-2113","page","type-page","status-publish","hentry"],"featured_image_src":null,"yoast_head":"<!-- This site is optimized with the Yoast SEO plugin v25.6 - https:\/\/yoast.com\/wordpress\/plugins\/seo\/ -->\n<title>Devenir membre de l\u2019ACEIJ - Public Legal Education Association of Canada<\/title>\n<meta name=\"robots\" content=\"noindex, follow, max-snippet:-1, max-image-preview:large, max-video-preview:-1\" \/>\n<meta property=\"og:locale\" content=\"fr_FR\" \/>\n<meta property=\"og:type\" content=\"article\" \/>\n<meta property=\"og:title\" content=\"Devenir membre de l\u2019ACEIJ - Public Legal Education Association of Canada\" \/>\n<meta property=\"og:description\" content=\"L\u2019ACEIJ invite les ami.e.s du secteur de l\u2019EIJ \u00e0 devenir membres organisationnels ou individuels. Les membres jouissent de plusieurs avantages, comme des webinaires en direct, un forum de discussion en ligne et un tarif pr\u00e9f\u00e9rentiel pour le congr\u00e8s annuel. Si vous avez des questions, veuillez communiquer avec Hanna Kaploun, coordonnatrice de projet de l\u2019ACEIJ,\" \/>\n<meta property=\"og:url\" content=\"https:\/\/pleac2.turnbull.co\/fr\/abonnement\/devenir-membre-de-laceij\/\" \/>\n<meta property=\"og:site_name\" content=\"Public Legal Education Association of Canada\" \/>\n<meta property=\"article:modified_time\" content=\"2021-10-29T19:55:15+00:00\" \/>\n<meta name=\"twitter:card\" content=\"summary_large_image\" \/>\n<meta name=\"twitter:label1\" content=\"Dur\u00e9e de lecture estim\u00e9e\" \/>\n\t<meta name=\"twitter:data1\" content=\"1 minute\" \/>\n<script type=\"application\/ld+json\" class=\"yoast-schema-graph\">{\"@context\":\"https:\/\/schema.org\",\"@graph\":[{\"@type\":\"WebPage\",\"@id\":\"https:\/\/pleac2.turnbull.co\/fr\/abonnement\/devenir-membre-de-laceij\/\",\"url\":\"https:\/\/pleac2.turnbull.co\/fr\/abonnement\/devenir-membre-de-laceij\/\",\"name\":\"Devenir membre de l\u2019ACEIJ - Public Legal Education Association of Canada\",\"isPartOf\":{\"@id\":\"https:\/\/pleac2.turnbull.co\/fr\/#website\"},\"datePublished\":\"2021-08-23T10:20:57+00:00\",\"dateModified\":\"2021-10-29T19:55:15+00:00\",\"breadcrumb\":{\"@id\":\"https:\/\/pleac2.turnbull.co\/fr\/abonnement\/devenir-membre-de-laceij\/#breadcrumb\"},\"inLanguage\":\"fr-FR\",\"potentialAction\":[{\"@type\":\"ReadAction\",\"target\":[\"https:\/\/pleac2.turnbull.co\/fr\/abonnement\/devenir-membre-de-laceij\/\"]}]},{\"@type\":\"BreadcrumbList\",\"@id\":\"https:\/\/pleac2.turnbull.co\/fr\/abonnement\/devenir-membre-de-laceij\/#breadcrumb\",\"itemListElement\":[{\"@type\":\"ListItem\",\"position\":1,\"name\":\"Home\",\"item\":\"https:\/\/pleac2.turnbull.co\/fr\/\"},{\"@type\":\"ListItem\",\"position\":2,\"name\":\"Abonnement\",\"item\":\"https:\/\/pleac2.turnbull.co\/fr\/abonnement\/\"},{\"@type\":\"ListItem\",\"position\":3,\"name\":\"Devenir membre de l\u2019ACEIJ\"}]},{\"@type\":\"WebSite\",\"@id\":\"https:\/\/pleac2.turnbull.co\/fr\/#website\",\"url\":\"https:\/\/pleac2.turnbull.co\/fr\/\",\"name\":\"CEO All Clinics\",\"description\":\"\",\"potentialAction\":[{\"@type\":\"SearchAction\",\"target\":{\"@type\":\"EntryPoint\",\"urlTemplate\":\"https:\/\/pleac2.turnbull.co\/fr\/?s={search_term_string}\"},\"query-input\":{\"@type\":\"PropertyValueSpecification\",\"valueRequired\":true,\"valueName\":\"search_term_string\"}}],\"inLanguage\":\"fr-FR\"}]}<\/script>\n<!-- \/ Yoast SEO plugin. -->","yoast_head_json":{"title":"Devenir membre de l\u2019ACEIJ - Public Legal Education Association of Canada","robots":{"index":"noindex","follow":"follow","max-snippet":"max-snippet:-1","max-image-preview":"max-image-preview:large","max-video-preview":"max-video-preview:-1"},"og_locale":"fr_FR","og_type":"article","og_title":"Devenir membre de l\u2019ACEIJ - Public Legal Education Association of Canada","og_description":"L\u2019ACEIJ invite les ami.e.s du secteur de l\u2019EIJ \u00e0 devenir membres organisationnels ou individuels. Les membres jouissent de plusieurs avantages, comme des webinaires en direct, un forum de discussion en ligne et un tarif pr\u00e9f\u00e9rentiel pour le congr\u00e8s annuel. Si vous avez des questions, veuillez communiquer avec Hanna Kaploun, coordonnatrice de projet de l\u2019ACEIJ,","og_url":"https:\/\/pleac2.turnbull.co\/fr\/abonnement\/devenir-membre-de-laceij\/","og_site_name":"Public Legal Education Association of Canada","article_modified_time":"2021-10-29T19:55:15+00:00","twitter_card":"summary_large_image","twitter_misc":{"Dur\u00e9e de lecture estim\u00e9e":"1 minute"},"schema":{"@context":"https:\/\/schema.org","@graph":[{"@type":"WebPage","@id":"https:\/\/pleac2.turnbull.co\/fr\/abonnement\/devenir-membre-de-laceij\/","url":"https:\/\/pleac2.turnbull.co\/fr\/abonnement\/devenir-membre-de-laceij\/","name":"Devenir membre de l\u2019ACEIJ - Public Legal Education Association of Canada","isPartOf":{"@id":"https:\/\/pleac2.turnbull.co\/fr\/#website"},"datePublished":"2021-08-23T10:20:57+00:00","dateModified":"2021-10-29T19:55:15+00:00","breadcrumb":{"@id":"https:\/\/pleac2.turnbull.co\/fr\/abonnement\/devenir-membre-de-laceij\/#breadcrumb"},"inLanguage":"fr-FR","potentialAction":[{"@type":"ReadAction","target":["https:\/\/pleac2.turnbull.co\/fr\/abonnement\/devenir-membre-de-laceij\/"]}]},{"@type":"BreadcrumbList","@id":"https:\/\/pleac2.turnbull.co\/fr\/abonnement\/devenir-membre-de-laceij\/#breadcrumb","itemListElement":[{"@type":"ListItem","position":1,"name":"Home","item":"https:\/\/pleac2.turnbull.co\/fr\/"},{"@type":"ListItem","position":2,"name":"Abonnement","item":"https:\/\/pleac2.turnbull.co\/fr\/abonnement\/"},{"@type":"ListItem","position":3,"name":"Devenir membre de l\u2019ACEIJ"}]},{"@type":"WebSite","@id":"https:\/\/pleac2.turnbull.co\/fr\/#website","url":"https:\/\/pleac2.turnbull.co\/fr\/","name":"CEO All Clinics","description":"","potentialAction":[{"@type":"SearchAction","target":{"@type":"EntryPoint","urlTemplate":"https:\/\/pleac2.turnbull.co\/fr\/?s={search_term_string}"},"query-input":{"@type":"PropertyValueSpecification","valueRequired":true,"valueName":"search_term_string"}}],"inLanguage":"fr-FR"}]}},"_links":{"self":[{"href":"https:\/\/pleac2.turnbull.co\/fr\/wp-json\/wp\/v2\/pages\/2113","targetHints":{"allow":["GET"]}}],"collection":[{"href":"https:\/\/pleac2.turnbull.co\/fr\/wp-json\/wp\/v2\/pages"}],"about":[{"href":"https:\/\/pleac2.turnbull.co\/fr\/wp-json\/wp\/v2\/types\/page"}],"author":[{"embeddable":true,"href":"https:\/\/pleac2.turnbull.co\/fr\/wp-json\/wp\/v2\/users\/12"}],"replies":[{"embeddable":true,"href":"https:\/\/pleac2.turnbull.co\/fr\/wp-json\/wp\/v2\/comments?post=2113"}],"version-history":[{"count":3,"href":"https:\/\/pleac2.turnbull.co\/fr\/wp-json\/wp\/v2\/pages\/2113\/revisions"}],"predecessor-version":[{"id":2453,"href":"https:\/\/pleac2.turnbull.co\/fr\/wp-json\/wp\/v2\/pages\/2113\/revisions\/2453"}],"up":[{"embeddable":true,"href":"https:\/\/pleac2.turnbull.co\/fr\/wp-json\/wp\/v2\/pages\/1256"}],"wp:attachment":[{"href":"https:\/\/pleac2.turnbull.co\/fr\/wp-json\/wp\/v2\/media?parent=2113"}],"curies":[{"name":"wp","href":"https:\/\/api.w.org\/{rel}","templated":true}]}}