{"id":2187,"date":"2021-09-06T09:32:26","date_gmt":"2021-09-06T13:32:26","guid":{"rendered":"https:\/\/pleac2.turnbull.co\/?page_id=2187"},"modified":"2021-09-30T14:18:32","modified_gmt":"2021-09-30T18:18:32","slug":"comite-de-gouvernance","status":"publish","type":"page","link":"https:\/\/pleac2.turnbull.co\/fr\/abonnement\/page-daccueil-du-conseil-dadministration-de-laceij\/comite-de-gouvernance\/","title":{"rendered":"Comit\u00e9 de gouvernance"},"content":{"rendered":"Vous devez \u00eatre connect\u00e9 pour voir ce contenu.","protected":false},"excerpt":{"rendered":"Vous devez \u00eatre connect\u00e9 pour voir ce contenu.","protected":false},"author":12,"featured_media":0,"parent":2175,"menu_order":0,"comment_status":"closed","ping_status":"closed","template":"","meta":{"_bbp_topic_count":0,"_bbp_reply_count":0,"_bbp_total_topic_count":0,"_bbp_total_reply_count":0,"_bbp_voice_count":0,"_bbp_anonymous_reply_count":0,"_bbp_topic_count_hidden":0,"_bbp_reply_count_hidden":0,"_bbp_forum_subforum_count":0,"inline_featured_image":false,"footnotes":""},"class_list":["post-2187","page","type-page","status-publish","hentry"],"featured_image_src":null,"yoast_head":"<!-- This site is optimized with the Yoast SEO plugin v25.6 - https:\/\/yoast.com\/wordpress\/plugins\/seo\/ -->\n<title>Comit\u00e9 de gouvernance - Public Legal Education Association of Canada<\/title>\n<meta name=\"robots\" content=\"noindex, follow, max-snippet:-1, max-image-preview:large, max-video-preview:-1\" \/>\n<meta property=\"og:locale\" content=\"fr_FR\" \/>\n<meta property=\"og:type\" content=\"article\" \/>\n<meta property=\"og:title\" content=\"Comit\u00e9 de gouvernance - Public Legal Education Association of Canada\" \/>\n<meta property=\"og:description\" content=\"This content is restricted to site members. If you are an existing user, please log in. If you would like to be a member, please visit our Apply to be a Member page for more information. Forgot password? Click here to reset.Connexion pour les utilisateurs enregistr\u00e9sIdentifiant ou e-mailMot de passe&nbsp;Se souvenir de moi&nbsp;&nbsp;\" \/>\n<meta property=\"og:url\" content=\"https:\/\/pleac2.turnbull.co\/fr\/abonnement\/page-daccueil-du-conseil-dadministration-de-laceij\/comite-de-gouvernance\/\" \/>\n<meta property=\"og:site_name\" content=\"Public Legal Education Association of Canada\" \/>\n<meta property=\"article:modified_time\" content=\"2021-09-30T18:18:32+00:00\" \/>\n<meta name=\"twitter:card\" content=\"summary_large_image\" \/>\n<meta name=\"twitter:label1\" content=\"Dur\u00e9e de lecture estim\u00e9e\" \/>\n\t<meta name=\"twitter:data1\" content=\"1 minute\" \/>\n<script type=\"application\/ld+json\" class=\"yoast-schema-graph\">{\"@context\":\"https:\/\/schema.org\",\"@graph\":[{\"@type\":\"WebPage\",\"@id\":\"https:\/\/pleac2.turnbull.co\/fr\/abonnement\/page-daccueil-du-conseil-dadministration-de-laceij\/comite-de-gouvernance\/\",\"url\":\"https:\/\/pleac2.turnbull.co\/fr\/abonnement\/page-daccueil-du-conseil-dadministration-de-laceij\/comite-de-gouvernance\/\",\"name\":\"Comit\u00e9 de gouvernance - Public Legal Education Association of Canada\",\"isPartOf\":{\"@id\":\"https:\/\/pleac2.turnbull.co\/fr\/#website\"},\"datePublished\":\"2021-09-06T13:32:26+00:00\",\"dateModified\":\"2021-09-30T18:18:32+00:00\",\"breadcrumb\":{\"@id\":\"https:\/\/pleac2.turnbull.co\/fr\/abonnement\/page-daccueil-du-conseil-dadministration-de-laceij\/comite-de-gouvernance\/#breadcrumb\"},\"inLanguage\":\"fr-FR\",\"potentialAction\":[{\"@type\":\"ReadAction\",\"target\":[\"https:\/\/pleac2.turnbull.co\/fr\/abonnement\/page-daccueil-du-conseil-dadministration-de-laceij\/comite-de-gouvernance\/\"]}]},{\"@type\":\"BreadcrumbList\",\"@id\":\"https:\/\/pleac2.turnbull.co\/fr\/abonnement\/page-daccueil-du-conseil-dadministration-de-laceij\/comite-de-gouvernance\/#breadcrumb\",\"itemListElement\":[{\"@type\":\"ListItem\",\"position\":1,\"name\":\"Home\",\"item\":\"https:\/\/pleac2.turnbull.co\/fr\/\"},{\"@type\":\"ListItem\",\"position\":2,\"name\":\"Abonnement\",\"item\":\"https:\/\/pleac2.turnbull.co\/fr\/abonnement\/\"},{\"@type\":\"ListItem\",\"position\":3,\"name\":\"Page d\u2019accueil du Conseil d\u2019administration de l\u2019ACEIJ\",\"item\":\"https:\/\/pleac2.turnbull.co\/fr\/abonnement\/page-daccueil-du-conseil-dadministration-de-laceij\/\"},{\"@type\":\"ListItem\",\"position\":4,\"name\":\"Comit\u00e9 de gouvernance\"}]},{\"@type\":\"WebSite\",\"@id\":\"https:\/\/pleac2.turnbull.co\/fr\/#website\",\"url\":\"https:\/\/pleac2.turnbull.co\/fr\/\",\"name\":\"CEO All Clinics\",\"description\":\"\",\"potentialAction\":[{\"@type\":\"SearchAction\",\"target\":{\"@type\":\"EntryPoint\",\"urlTemplate\":\"https:\/\/pleac2.turnbull.co\/fr\/?s={search_term_string}\"},\"query-input\":{\"@type\":\"PropertyValueSpecification\",\"valueRequired\":true,\"valueName\":\"search_term_string\"}}],\"inLanguage\":\"fr-FR\"}]}<\/script>\n<!-- \/ Yoast SEO plugin. -->","yoast_head_json":{"title":"Comit\u00e9 de gouvernance - Public Legal Education Association of Canada","robots":{"index":"noindex","follow":"follow","max-snippet":"max-snippet:-1","max-image-preview":"max-image-preview:large","max-video-preview":"max-video-preview:-1"},"og_locale":"fr_FR","og_type":"article","og_title":"Comit\u00e9 de gouvernance - Public Legal Education Association of Canada","og_description":"This content is restricted to site members. If you are an existing user, please log in. If you would like to be a member, please visit our Apply to be a Member page for more information. Forgot password? Click here to reset.Connexion pour les utilisateurs enregistr\u00e9sIdentifiant ou e-mailMot de passe&nbsp;Se souvenir de moi&nbsp;&nbsp;","og_url":"https:\/\/pleac2.turnbull.co\/fr\/abonnement\/page-daccueil-du-conseil-dadministration-de-laceij\/comite-de-gouvernance\/","og_site_name":"Public Legal Education Association of Canada","article_modified_time":"2021-09-30T18:18:32+00:00","twitter_card":"summary_large_image","twitter_misc":{"Dur\u00e9e de lecture estim\u00e9e":"1 minute"},"schema":{"@context":"https:\/\/schema.org","@graph":[{"@type":"WebPage","@id":"https:\/\/pleac2.turnbull.co\/fr\/abonnement\/page-daccueil-du-conseil-dadministration-de-laceij\/comite-de-gouvernance\/","url":"https:\/\/pleac2.turnbull.co\/fr\/abonnement\/page-daccueil-du-conseil-dadministration-de-laceij\/comite-de-gouvernance\/","name":"Comit\u00e9 de gouvernance - Public Legal Education Association of Canada","isPartOf":{"@id":"https:\/\/pleac2.turnbull.co\/fr\/#website"},"datePublished":"2021-09-06T13:32:26+00:00","dateModified":"2021-09-30T18:18:32+00:00","breadcrumb":{"@id":"https:\/\/pleac2.turnbull.co\/fr\/abonnement\/page-daccueil-du-conseil-dadministration-de-laceij\/comite-de-gouvernance\/#breadcrumb"},"inLanguage":"fr-FR","potentialAction":[{"@type":"ReadAction","target":["https:\/\/pleac2.turnbull.co\/fr\/abonnement\/page-daccueil-du-conseil-dadministration-de-laceij\/comite-de-gouvernance\/"]}]},{"@type":"BreadcrumbList","@id":"https:\/\/pleac2.turnbull.co\/fr\/abonnement\/page-daccueil-du-conseil-dadministration-de-laceij\/comite-de-gouvernance\/#breadcrumb","itemListElement":[{"@type":"ListItem","position":1,"name":"Home","item":"https:\/\/pleac2.turnbull.co\/fr\/"},{"@type":"ListItem","position":2,"name":"Abonnement","item":"https:\/\/pleac2.turnbull.co\/fr\/abonnement\/"},{"@type":"ListItem","position":3,"name":"Page d\u2019accueil du Conseil d\u2019administration de l\u2019ACEIJ","item":"https:\/\/pleac2.turnbull.co\/fr\/abonnement\/page-daccueil-du-conseil-dadministration-de-laceij\/"},{"@type":"ListItem","position":4,"name":"Comit\u00e9 de gouvernance"}]},{"@type":"WebSite","@id":"https:\/\/pleac2.turnbull.co\/fr\/#website","url":"https:\/\/pleac2.turnbull.co\/fr\/","name":"CEO All Clinics","description":"","potentialAction":[{"@type":"SearchAction","target":{"@type":"EntryPoint","urlTemplate":"https:\/\/pleac2.turnbull.co\/fr\/?s={search_term_string}"},"query-input":{"@type":"PropertyValueSpecification","valueRequired":true,"valueName":"search_term_string"}}],"inLanguage":"fr-FR"}]}},"_links":{"self":[{"href":"https:\/\/pleac2.turnbull.co\/fr\/wp-json\/wp\/v2\/pages\/2187","targetHints":{"allow":["GET"]}}],"collection":[{"href":"https:\/\/pleac2.turnbull.co\/fr\/wp-json\/wp\/v2\/pages"}],"about":[{"href":"https:\/\/pleac2.turnbull.co\/fr\/wp-json\/wp\/v2\/types\/page"}],"author":[{"embeddable":true,"href":"https:\/\/pleac2.turnbull.co\/fr\/wp-json\/wp\/v2\/users\/12"}],"replies":[{"embeddable":true,"href":"https:\/\/pleac2.turnbull.co\/fr\/wp-json\/wp\/v2\/comments?post=2187"}],"version-history":[{"count":2,"href":"https:\/\/pleac2.turnbull.co\/fr\/wp-json\/wp\/v2\/pages\/2187\/revisions"}],"predecessor-version":[{"id":2355,"href":"https:\/\/pleac2.turnbull.co\/fr\/wp-json\/wp\/v2\/pages\/2187\/revisions\/2355"}],"up":[{"embeddable":true,"href":"https:\/\/pleac2.turnbull.co\/fr\/wp-json\/wp\/v2\/pages\/2175"}],"wp:attachment":[{"href":"https:\/\/pleac2.turnbull.co\/fr\/wp-json\/wp\/v2\/media?parent=2187"}],"curies":[{"name":"wp","href":"https:\/\/api.w.org\/{rel}","templated":true}]}}