{"id":2304,"date":"2021-09-15T07:50:32","date_gmt":"2021-09-15T11:50:32","guid":{"rendered":"https:\/\/pleac2.turnbull.co\/?page_id=2304"},"modified":"2021-11-11T13:23:21","modified_gmt":"2021-11-11T18:23:21","slug":"formulaire-dadhesion-a-titre-individuel","status":"publish","type":"page","link":"https:\/\/pleac2.turnbull.co\/fr\/abonnement\/devenir-membre-de-laceij\/formulaire-dadhesion-a-titre-individuel\/","title":{"rendered":"Formulaire d\u2019adh\u00e9sion \u00e0 titre individuel"},"content":{"rendered":"\n<p>L\u2019adh\u00e9sion \u00e0 titre individuel permet \u00e0 un.e membre du personnel de participer aux webinaires en direct et au forum de discussion en ligne, et de b\u00e9n\u00e9ficier de tarifs pr\u00e9f\u00e9rentiels pour le congr\u00e8s.<\/p>\n\n\n<div class=\"wpforms-container wpforms-container-full\" id=\"wpforms-2303\"><form id=\"wpforms-form-2303\" class=\"wpforms-validate wpforms-form\" data-formid=\"2303\" method=\"post\" enctype=\"multipart\/form-data\" action=\"\/fr\/wp-json\/wp\/v2\/pages\/2304\" data-token=\"7668f71f5887c4460120079741b6521d\" data-token-time=\"1775524708\"><noscript class=\"wpforms-error-noscript\">Veuillez activer JavaScript dans votre navigateur pour remplir ce formulaire.<\/noscript><div class=\"wpforms-field-container\"><div id=\"wpforms-2303-field_1-container\" class=\"wpforms-field wpforms-field-name\" data-field-id=\"1\"><label class=\"wpforms-field-label\">Nom <span class=\"wpforms-required-label\">*<\/span><\/label><div class=\"wpforms-field-row wpforms-field-medium\"><div class=\"wpforms-field-row-block wpforms-first wpforms-one-half\"><input type=\"text\" id=\"wpforms-2303-field_1\" class=\"wpforms-field-name-first wpforms-field-required\" name=\"wpforms[fields][1][first]\" required><label for=\"wpforms-2303-field_1\" class=\"wpforms-field-sublabel after\">Pr\u00e9nom<\/label><\/div><div class=\"wpforms-field-row-block wpforms-one-half\"><input type=\"text\" id=\"wpforms-2303-field_1-last\" class=\"wpforms-field-name-last wpforms-field-required\" name=\"wpforms[fields][1][last]\" required><label for=\"wpforms-2303-field_1-last\" class=\"wpforms-field-sublabel after\">Nom<\/label><\/div><\/div><\/div><div id=\"wpforms-2303-field_2-container\" class=\"wpforms-field wpforms-field-email\" data-field-id=\"2\"><label class=\"wpforms-field-label\" for=\"wpforms-2303-field_2\">Adresse de courriel <span class=\"wpforms-required-label\">*<\/span><\/label><input type=\"email\" id=\"wpforms-2303-field_2\" class=\"wpforms-field-medium wpforms-field-required\" name=\"wpforms[fields][2]\" spellcheck=\"false\" required><\/div><div id=\"wpforms-2303-field_3-container\" class=\"wpforms-field wpforms-field-text\" data-field-id=\"3\"><label class=\"wpforms-field-label\" for=\"wpforms-2303-field_3\">Organisation <span class=\"wpforms-required-label\">*<\/span><\/label><input type=\"text\" id=\"wpforms-2303-field_3\" class=\"wpforms-field-medium wpforms-field-required\" name=\"wpforms[fields][3]\" required><\/div><div id=\"wpforms-2303-field_4-container\" class=\"wpforms-field wpforms-field-text\" data-field-id=\"4\"><label class=\"wpforms-field-label\" for=\"wpforms-2303-field_4\">Ville <span class=\"wpforms-required-label\">*<\/span><\/label><input type=\"text\" id=\"wpforms-2303-field_4\" class=\"wpforms-field-medium wpforms-field-required\" name=\"wpforms[fields][4]\" required><\/div><div id=\"wpforms-2303-field_5-container\" class=\"wpforms-field wpforms-field-text\" data-field-id=\"5\"><label class=\"wpforms-field-label\" for=\"wpforms-2303-field_5\">Titre <span class=\"wpforms-required-label\">*<\/span><\/label><input type=\"text\" id=\"wpforms-2303-field_5\" class=\"wpforms-field-medium wpforms-field-required\" name=\"wpforms[fields][5]\" required><\/div><div id=\"wpforms-2303-field_6-container\" class=\"wpforms-field wpforms-field-text\" data-field-id=\"6\"><label class=\"wpforms-field-label\" for=\"wpforms-2303-field_6\">Facturation \u2014 No et nom de rue <span class=\"wpforms-required-label\">*<\/span><\/label><input type=\"text\" id=\"wpforms-2303-field_6\" class=\"wpforms-field-medium wpforms-field-required\" name=\"wpforms[fields][6]\" required><\/div><div id=\"wpforms-2303-field_7-container\" class=\"wpforms-field wpforms-field-text\" data-field-id=\"7\"><label class=\"wpforms-field-label\" for=\"wpforms-2303-field_7\">Facturation \u2014 Province\/territoire <span class=\"wpforms-required-label\">*<\/span><\/label><input type=\"text\" id=\"wpforms-2303-field_7\" class=\"wpforms-field-medium wpforms-field-required\" name=\"wpforms[fields][7]\" required><\/div><div id=\"wpforms-2303-field_8-container\" class=\"wpforms-field wpforms-field-text\" data-field-id=\"8\"><label class=\"wpforms-field-label\" for=\"wpforms-2303-field_8\">Code postal <span class=\"wpforms-required-label\">*<\/span><\/label><input type=\"text\" id=\"wpforms-2303-field_8\" class=\"wpforms-field-medium wpforms-field-required\" name=\"wpforms[fields][8]\" required><\/div><div id=\"wpforms-2303-field_9-container\" class=\"wpforms-field wpforms-field-phone\" data-field-id=\"9\"><label class=\"wpforms-field-label\" for=\"wpforms-2303-field_9\">No de t\u00e9l\u00e9phone <span class=\"wpforms-required-label\">*<\/span><\/label><input type=\"tel\" id=\"wpforms-2303-field_9\" class=\"wpforms-field-medium wpforms-field-required wpforms-smart-phone-field\" data-rule-smart-phone-field=\"true\" name=\"wpforms[fields][9]\" aria-label=\"No de t\u00e9l\u00e9phone\" required><\/div><div id=\"wpforms-2303-field_10-container\" class=\"wpforms-field wpforms-field-select wpforms-field-select-style-classic\" data-field-id=\"10\"><label class=\"wpforms-field-label\" for=\"wpforms-2303-field_10\">Comment avez-vous entendu parler de l\u2019ACEIJ? <span class=\"wpforms-required-label\">*<\/span><\/label><select id=\"wpforms-2303-field_10\" class=\"wpforms-field-medium wpforms-field-required\" name=\"wpforms[fields][10]\" required=\"required\"><option value=\"\u2014\" >\u2014<\/option><option value=\"\u00c9v\u00e9nement\" >\u00c9v\u00e9nement<\/option><option value=\"Conf\u00e9rence\" >Conf\u00e9rence<\/option><option value=\"Publipostage \u00e9lectronique d\u2019ACEIJ\" >Publipostage \u00e9lectronique d\u2019ACEIJ<\/option><option value=\"Webinaire de l\u2019ACEIJ\" >Webinaire de l\u2019ACEIJ<\/option><option value=\"Recherche sur le Web\" >Recherche sur le Web<\/option><option value=\"Bouche-\u00e0-oreille\" >Bouche-\u00e0-oreille<\/option><option value=\"Autre\" >Autre<\/option><\/select><\/div><div id=\"wpforms-2303-field_12-container\" class=\"wpforms-field wpforms-field-select wpforms-conditional-trigger wpforms-field-select-style-classic\" data-field-id=\"12\"><label class=\"wpforms-field-label\" for=\"wpforms-2303-field_12\">Mode de paiement:<\/label><select id=\"wpforms-2303-field_12\" class=\"wpforms-field-medium\" name=\"wpforms[fields][12]\"><option value=\"Payer par Paypal (compte Paypal requis)\" >Payer par Paypal (compte Paypal requis)<\/option><option value=\"Payer plus tard (ACEIJ vous contactera pour le paiement par ch\u00e8que)\" >Payer plus tard (ACEIJ vous contactera pour le paiement par ch\u00e8que)<\/option><\/select><\/div><div id=\"wpforms-2303-field_11-container\" class=\"wpforms-field wpforms-field-payment-single wpforms-conditional-field wpforms-conditional-show\" data-field-id=\"11\" style=\"display:none;\"><label class=\"wpforms-field-label\">Demande d\u2019adh\u00e9sion individuelle (25 $)<\/label><div class=\"wpforms-single-item-price-content\"><div class=\"wpforms-single-item-price wpforms-field-medium wpforms-payment-price\">Prix\u00a0: <span class=\"wpforms-price\">&#036;25.00<\/span><\/div><\/div><input type=\"hidden\" id=\"wpforms-2303-field_11\" class=\"wpforms-field-medium wpforms-payment-price\" name=\"wpforms[fields][11]\" value=\"&#036;25.00\"><\/div><\/div><!-- .wpforms-field-container --><div class=\"wpforms-recaptcha-container wpforms-is-recaptcha wpforms-is-recaptcha-type-v3\" ><input type=\"hidden\" name=\"wpforms[recaptcha]\" value=\"\"><\/div><div class=\"wpforms-submit-container\" ><input type=\"hidden\" name=\"wpforms[id]\" value=\"2303\"><input type=\"hidden\" name=\"page_title\" value=\"\"><input type=\"hidden\" name=\"page_url\" value=\"https:\/\/pleac2.turnbull.co\/fr\/wp-json\/wp\/v2\/pages\/2304\"><input type=\"hidden\" name=\"url_referer\" value=\"\"><button type=\"submit\" name=\"wpforms[submit]\" id=\"wpforms-submit-2303\" class=\"wpforms-submit\" data-alt-text=\"Transmission...\" data-submit-text=\"Envoyer\" aria-live=\"assertive\" value=\"wpforms-submit\">Envoyer<\/button><\/div><\/form><\/div>  <!-- .wpforms-container -->\n\n\n\n<p><small>Une fois que vous aurez soumis ce formulaire, le site Web vous dirigera vers Paypal. Pour acc\u00e9der \u00e0 Paypal en fran\u00e7ais, cliquer sur le bouton \u00ab Fran\u00e7ais \u00bb sous la bo\u00eete d\u2019ouverture de session Paypal.<\/small><\/p>\n","protected":false},"excerpt":{"rendered":"<p>L\u2019adh\u00e9sion \u00e0 titre individuel permet \u00e0 un.e membre du personnel de participer aux webinaires en direct et au forum de discussion en ligne, et de b\u00e9n\u00e9ficier de tarifs pr\u00e9f\u00e9rentiels pour le congr\u00e8s.<\/p>\n<p>Une fois que vous aurez soumis ce formulaire, le site Web vous dirigera vers Paypal. Pour acc\u00e9der \u00e0 Paypal en fran\u00e7ais,<\/p>\n","protected":false},"author":12,"featured_media":0,"parent":2113,"menu_order":0,"comment_status":"closed","ping_status":"closed","template":"","meta":{"_bbp_topic_count":0,"_bbp_reply_count":0,"_bbp_total_topic_count":0,"_bbp_total_reply_count":0,"_bbp_voice_count":0,"_bbp_anonymous_reply_count":0,"_bbp_topic_count_hidden":0,"_bbp_reply_count_hidden":0,"_bbp_forum_subforum_count":0,"inline_featured_image":false,"footnotes":""},"class_list":["post-2304","page","type-page","status-publish","hentry"],"featured_image_src":null,"yoast_head":"<!-- This site is optimized with the Yoast SEO plugin v25.6 - https:\/\/yoast.com\/wordpress\/plugins\/seo\/ -->\n<title>Formulaire d\u2019adh\u00e9sion \u00e0 titre individuel - Public Legal Education Association of Canada<\/title>\n<meta name=\"robots\" content=\"noindex, follow, max-snippet:-1, max-image-preview:large, max-video-preview:-1\" \/>\n<meta property=\"og:locale\" content=\"fr_FR\" \/>\n<meta property=\"og:type\" content=\"article\" \/>\n<meta property=\"og:title\" content=\"Formulaire d\u2019adh\u00e9sion \u00e0 titre individuel - Public Legal Education Association of Canada\" \/>\n<meta property=\"og:description\" content=\"L\u2019adh\u00e9sion \u00e0 titre individuel permet \u00e0 un.e membre du personnel de participer aux webinaires en direct et au forum de discussion en ligne, et de b\u00e9n\u00e9ficier de tarifs pr\u00e9f\u00e9rentiels pour le congr\u00e8s.   Une fois que vous aurez soumis ce formulaire, le site Web vous dirigera vers Paypal. Pour acc\u00e9der \u00e0 Paypal en fran\u00e7ais,\" \/>\n<meta property=\"og:url\" content=\"https:\/\/pleac2.turnbull.co\/fr\/abonnement\/devenir-membre-de-laceij\/formulaire-dadhesion-a-titre-individuel\/\" \/>\n<meta property=\"og:site_name\" content=\"Public Legal Education Association of Canada\" \/>\n<meta property=\"article:modified_time\" content=\"2021-11-11T18:23:21+00:00\" \/>\n<meta name=\"twitter:card\" content=\"summary_large_image\" \/>\n<meta name=\"twitter:label1\" content=\"Dur\u00e9e de lecture estim\u00e9e\" \/>\n\t<meta name=\"twitter:data1\" content=\"1 minute\" \/>\n<script type=\"application\/ld+json\" class=\"yoast-schema-graph\">{\"@context\":\"https:\/\/schema.org\",\"@graph\":[{\"@type\":\"WebPage\",\"@id\":\"https:\/\/pleac2.turnbull.co\/fr\/abonnement\/devenir-membre-de-laceij\/formulaire-dadhesion-a-titre-individuel\/\",\"url\":\"https:\/\/pleac2.turnbull.co\/fr\/abonnement\/devenir-membre-de-laceij\/formulaire-dadhesion-a-titre-individuel\/\",\"name\":\"Formulaire d\u2019adh\u00e9sion \u00e0 titre individuel - Public Legal Education Association of Canada\",\"isPartOf\":{\"@id\":\"https:\/\/pleac2.turnbull.co\/fr\/#website\"},\"datePublished\":\"2021-09-15T11:50:32+00:00\",\"dateModified\":\"2021-11-11T18:23:21+00:00\",\"breadcrumb\":{\"@id\":\"https:\/\/pleac2.turnbull.co\/fr\/abonnement\/devenir-membre-de-laceij\/formulaire-dadhesion-a-titre-individuel\/#breadcrumb\"},\"inLanguage\":\"fr-FR\",\"potentialAction\":[{\"@type\":\"ReadAction\",\"target\":[\"https:\/\/pleac2.turnbull.co\/fr\/abonnement\/devenir-membre-de-laceij\/formulaire-dadhesion-a-titre-individuel\/\"]}]},{\"@type\":\"BreadcrumbList\",\"@id\":\"https:\/\/pleac2.turnbull.co\/fr\/abonnement\/devenir-membre-de-laceij\/formulaire-dadhesion-a-titre-individuel\/#breadcrumb\",\"itemListElement\":[{\"@type\":\"ListItem\",\"position\":1,\"name\":\"Home\",\"item\":\"https:\/\/pleac2.turnbull.co\/fr\/\"},{\"@type\":\"ListItem\",\"position\":2,\"name\":\"Abonnement\",\"item\":\"https:\/\/pleac2.turnbull.co\/fr\/abonnement\/\"},{\"@type\":\"ListItem\",\"position\":3,\"name\":\"Devenir membre de l\u2019ACEIJ\",\"item\":\"https:\/\/pleac2.turnbull.co\/fr\/abonnement\/devenir-membre-de-laceij\/\"},{\"@type\":\"ListItem\",\"position\":4,\"name\":\"Formulaire d\u2019adh\u00e9sion \u00e0 titre individuel\"}]},{\"@type\":\"WebSite\",\"@id\":\"https:\/\/pleac2.turnbull.co\/fr\/#website\",\"url\":\"https:\/\/pleac2.turnbull.co\/fr\/\",\"name\":\"CEO All Clinics\",\"description\":\"\",\"potentialAction\":[{\"@type\":\"SearchAction\",\"target\":{\"@type\":\"EntryPoint\",\"urlTemplate\":\"https:\/\/pleac2.turnbull.co\/fr\/?s={search_term_string}\"},\"query-input\":{\"@type\":\"PropertyValueSpecification\",\"valueRequired\":true,\"valueName\":\"search_term_string\"}}],\"inLanguage\":\"fr-FR\"}]}<\/script>\n<!-- \/ Yoast SEO plugin. -->","yoast_head_json":{"title":"Formulaire d\u2019adh\u00e9sion \u00e0 titre individuel - Public Legal Education Association of Canada","robots":{"index":"noindex","follow":"follow","max-snippet":"max-snippet:-1","max-image-preview":"max-image-preview:large","max-video-preview":"max-video-preview:-1"},"og_locale":"fr_FR","og_type":"article","og_title":"Formulaire d\u2019adh\u00e9sion \u00e0 titre individuel - Public Legal Education Association of Canada","og_description":"L\u2019adh\u00e9sion \u00e0 titre individuel permet \u00e0 un.e membre du personnel de participer aux webinaires en direct et au forum de discussion en ligne, et de b\u00e9n\u00e9ficier de tarifs pr\u00e9f\u00e9rentiels pour le congr\u00e8s.   Une fois que vous aurez soumis ce formulaire, le site Web vous dirigera vers Paypal. Pour acc\u00e9der \u00e0 Paypal en fran\u00e7ais,","og_url":"https:\/\/pleac2.turnbull.co\/fr\/abonnement\/devenir-membre-de-laceij\/formulaire-dadhesion-a-titre-individuel\/","og_site_name":"Public Legal Education Association of Canada","article_modified_time":"2021-11-11T18:23:21+00:00","twitter_card":"summary_large_image","twitter_misc":{"Dur\u00e9e de lecture estim\u00e9e":"1 minute"},"schema":{"@context":"https:\/\/schema.org","@graph":[{"@type":"WebPage","@id":"https:\/\/pleac2.turnbull.co\/fr\/abonnement\/devenir-membre-de-laceij\/formulaire-dadhesion-a-titre-individuel\/","url":"https:\/\/pleac2.turnbull.co\/fr\/abonnement\/devenir-membre-de-laceij\/formulaire-dadhesion-a-titre-individuel\/","name":"Formulaire d\u2019adh\u00e9sion \u00e0 titre individuel - Public Legal Education Association of Canada","isPartOf":{"@id":"https:\/\/pleac2.turnbull.co\/fr\/#website"},"datePublished":"2021-09-15T11:50:32+00:00","dateModified":"2021-11-11T18:23:21+00:00","breadcrumb":{"@id":"https:\/\/pleac2.turnbull.co\/fr\/abonnement\/devenir-membre-de-laceij\/formulaire-dadhesion-a-titre-individuel\/#breadcrumb"},"inLanguage":"fr-FR","potentialAction":[{"@type":"ReadAction","target":["https:\/\/pleac2.turnbull.co\/fr\/abonnement\/devenir-membre-de-laceij\/formulaire-dadhesion-a-titre-individuel\/"]}]},{"@type":"BreadcrumbList","@id":"https:\/\/pleac2.turnbull.co\/fr\/abonnement\/devenir-membre-de-laceij\/formulaire-dadhesion-a-titre-individuel\/#breadcrumb","itemListElement":[{"@type":"ListItem","position":1,"name":"Home","item":"https:\/\/pleac2.turnbull.co\/fr\/"},{"@type":"ListItem","position":2,"name":"Abonnement","item":"https:\/\/pleac2.turnbull.co\/fr\/abonnement\/"},{"@type":"ListItem","position":3,"name":"Devenir membre de l\u2019ACEIJ","item":"https:\/\/pleac2.turnbull.co\/fr\/abonnement\/devenir-membre-de-laceij\/"},{"@type":"ListItem","position":4,"name":"Formulaire d\u2019adh\u00e9sion \u00e0 titre individuel"}]},{"@type":"WebSite","@id":"https:\/\/pleac2.turnbull.co\/fr\/#website","url":"https:\/\/pleac2.turnbull.co\/fr\/","name":"CEO All Clinics","description":"","potentialAction":[{"@type":"SearchAction","target":{"@type":"EntryPoint","urlTemplate":"https:\/\/pleac2.turnbull.co\/fr\/?s={search_term_string}"},"query-input":{"@type":"PropertyValueSpecification","valueRequired":true,"valueName":"search_term_string"}}],"inLanguage":"fr-FR"}]}},"_links":{"self":[{"href":"https:\/\/pleac2.turnbull.co\/fr\/wp-json\/wp\/v2\/pages\/2304","targetHints":{"allow":["GET"]}}],"collection":[{"href":"https:\/\/pleac2.turnbull.co\/fr\/wp-json\/wp\/v2\/pages"}],"about":[{"href":"https:\/\/pleac2.turnbull.co\/fr\/wp-json\/wp\/v2\/types\/page"}],"author":[{"embeddable":true,"href":"https:\/\/pleac2.turnbull.co\/fr\/wp-json\/wp\/v2\/users\/12"}],"replies":[{"embeddable":true,"href":"https:\/\/pleac2.turnbull.co\/fr\/wp-json\/wp\/v2\/comments?post=2304"}],"version-history":[{"count":4,"href":"https:\/\/pleac2.turnbull.co\/fr\/wp-json\/wp\/v2\/pages\/2304\/revisions"}],"predecessor-version":[{"id":2457,"href":"https:\/\/pleac2.turnbull.co\/fr\/wp-json\/wp\/v2\/pages\/2304\/revisions\/2457"}],"up":[{"embeddable":true,"href":"https:\/\/pleac2.turnbull.co\/fr\/wp-json\/wp\/v2\/pages\/2113"}],"wp:attachment":[{"href":"https:\/\/pleac2.turnbull.co\/fr\/wp-json\/wp\/v2\/media?parent=2304"}],"curies":[{"name":"wp","href":"https:\/\/api.w.org\/{rel}","templated":true}]}}