{"id":2306,"date":"2021-09-15T07:52:34","date_gmt":"2021-09-15T11:52:34","guid":{"rendered":"https:\/\/pleac2.turnbull.co\/?page_id=2306"},"modified":"2021-11-11T13:23:30","modified_gmt":"2021-11-11T18:23:30","slug":"formulaire-dadhesion-a-titre-dorganisation","status":"publish","type":"page","link":"https:\/\/pleac2.turnbull.co\/fr\/abonnement\/devenir-membre-de-laceij\/formulaire-dadhesion-a-titre-dorganisation\/","title":{"rendered":"Formulaire d\u2019adh\u00e9sion \u00e0 titre d\u2019organisation"},"content":{"rendered":"\n<p>L\u2019adh\u00e9sion \u00e0 titre d\u2019organisation permet \u00e0 l\u2019ensemble du personnel de l\u2019organisation de participer aux webinaires en direct et au forum de discussion en ligne, et de b\u00e9n\u00e9ficier de tarifs pr\u00e9f\u00e9rentiels pour le congr\u00e8s.<\/p>\n\n\n<div class=\"wpforms-container wpforms-container-full\" id=\"wpforms-2302\"><form id=\"wpforms-form-2302\" class=\"wpforms-validate wpforms-form\" data-formid=\"2302\" method=\"post\" enctype=\"multipart\/form-data\" action=\"\/fr\/wp-json\/wp\/v2\/pages\/2306?wpforms_form_id=2302\" data-token=\"4aa4d5821fe5e71c43fdd7dc09824f31\" data-token-time=\"1775524722\"><noscript class=\"wpforms-error-noscript\">Veuillez activer JavaScript dans votre navigateur pour remplir ce formulaire.<\/noscript><div class=\"wpforms-field-container\"><div id=\"wpforms-2302-field_1-container\" class=\"wpforms-field wpforms-field-text\" data-field-id=\"1\"><label class=\"wpforms-field-label\" for=\"wpforms-2302-field_1\">Organisation <span class=\"wpforms-required-label\">*<\/span><\/label><input type=\"text\" id=\"wpforms-2302-field_1\" class=\"wpforms-field-medium wpforms-field-required\" name=\"wpforms[fields][1]\" required><\/div><div id=\"wpforms-2302-field_2-container\" class=\"wpforms-field wpforms-field-text\" data-field-id=\"2\"><label class=\"wpforms-field-label\" for=\"wpforms-2302-field_2\">Ville <span class=\"wpforms-required-label\">*<\/span><\/label><input type=\"text\" id=\"wpforms-2302-field_2\" class=\"wpforms-field-medium wpforms-field-required\" name=\"wpforms[fields][2]\" required><\/div><div id=\"wpforms-2302-field_3-container\" class=\"wpforms-field wpforms-field-text\" data-field-id=\"3\"><label class=\"wpforms-field-label\" for=\"wpforms-2302-field_3\">Pr\u00e9nom de la personne soumettant la demande <span class=\"wpforms-required-label\">*<\/span><\/label><input type=\"text\" id=\"wpforms-2302-field_3\" class=\"wpforms-field-medium wpforms-field-required\" name=\"wpforms[fields][3]\" required><\/div><div id=\"wpforms-2302-field_4-container\" class=\"wpforms-field wpforms-field-text\" data-field-id=\"4\"><label class=\"wpforms-field-label\" for=\"wpforms-2302-field_4\">Nom de la personne soumettant la demande <span class=\"wpforms-required-label\">*<\/span><\/label><input type=\"text\" id=\"wpforms-2302-field_4\" class=\"wpforms-field-medium wpforms-field-required\" name=\"wpforms[fields][4]\" required><\/div><div id=\"wpforms-2302-field_5-container\" class=\"wpforms-field wpforms-field-email\" data-field-id=\"5\"><label class=\"wpforms-field-label\" for=\"wpforms-2302-field_5\">Adresse de courriel <span class=\"wpforms-required-label\">*<\/span><\/label><input type=\"email\" id=\"wpforms-2302-field_5\" class=\"wpforms-field-medium wpforms-field-required\" name=\"wpforms[fields][5]\" spellcheck=\"false\" required><\/div><div id=\"wpforms-2302-field_6-container\" class=\"wpforms-field wpforms-field-text\" data-field-id=\"6\"><label class=\"wpforms-field-label\" for=\"wpforms-2302-field_6\">Titre <span class=\"wpforms-required-label\">*<\/span><\/label><input type=\"text\" id=\"wpforms-2302-field_6\" class=\"wpforms-field-medium wpforms-field-required\" name=\"wpforms[fields][6]\" required><\/div><div id=\"wpforms-2302-field_21-container\" class=\"wpforms-field wpforms-field-select wpforms-field-select-style-classic\" data-field-id=\"21\"><label class=\"wpforms-field-label\" for=\"wpforms-2302-field_21\">Secteur <span class=\"wpforms-required-label\">*<\/span><\/label><select id=\"wpforms-2302-field_21\" class=\"wpforms-field-medium wpforms-field-required\" name=\"wpforms[fields][21]\" required=\"required\"><option value=\"\u2014\" >\u2014<\/option><option value=\"\u00c0 but non lucratif\" >\u00c0 but non lucratif<\/option><option value=\"Secteur public\" >Secteur public<\/option><option value=\"Secteur priv\u00e9\" >Secteur priv\u00e9<\/option><\/select><\/div><div id=\"wpforms-2302-field_7-container\" class=\"wpforms-field wpforms-field-select wpforms-conditional-trigger wpforms-field-select-style-classic\" data-field-id=\"7\"><label class=\"wpforms-field-label\" for=\"wpforms-2302-field_7\">Sous-secteur <span class=\"wpforms-required-label\">*<\/span><\/label><select id=\"wpforms-2302-field_7\" class=\"wpforms-field-medium wpforms-field-required\" name=\"wpforms[fields][7]\" required=\"required\"><option value=\"\u2014\" >\u2014<\/option><option value=\"Arts et culture\" >Arts et culture<\/option><option value=\"Association du Barreau\" >Association du Barreau<\/option><option value=\"Associations et syndicats professionnels \" >Associations et syndicats professionnels<\/option><option value=\"D\u00e9veloppement et logement\" >D\u00e9veloppement et logement<\/option><option value=\"\u00c9ducation et recherche \" >\u00c9ducation et recherche<\/option><option value=\"Environnement \" >Environnement<\/option><option value=\"Octroi de subventions, collecte de fonds et promotion du b\u00e9n\u00e9volat\" >Octroi de subventions, collecte de fonds et promotion du b\u00e9n\u00e9volat<\/option><option value=\"Sant\u00e9\" >Sant\u00e9<\/option><option value=\"Droit, d\u00e9fense des int\u00e9r\u00eats et politique\" >Droit, d\u00e9fense des int\u00e9r\u00eats et politique<\/option><option value=\"Fondation du droit\" >Fondation du droit<\/option><option value=\"Facult\u00e9 de droit\" >Facult\u00e9 de droit<\/option><option value=\"Barreau\" >Barreau<\/option><option value=\"Aide juridique\" >Aide juridique<\/option><option value=\"Services sociaux\" >Services sociaux<\/option><option value=\"Universit\u00e9s et coll\u00e8ges\" >Universit\u00e9s et coll\u00e8ges<\/option><option value=\"Autre\" >Autre<\/option><\/select><\/div><div id=\"wpforms-2302-field_8-container\" class=\"wpforms-field wpforms-field-text wpforms-conditional-field wpforms-conditional-show\" data-field-id=\"8\" style=\"display:none;\"><label class=\"wpforms-field-label\" for=\"wpforms-2302-field_8\">Veuillez pr\u00e9ciser<\/label><input type=\"text\" id=\"wpforms-2302-field_8\" class=\"wpforms-field-medium\" name=\"wpforms[fields][8]\" ><\/div><div id=\"wpforms-2302-field_9-container\" class=\"wpforms-field wpforms-field-select wpforms-field-select-style-classic\" data-field-id=\"9\"><label class=\"wpforms-field-label\" for=\"wpforms-2302-field_9\">Budget organisationnel <span class=\"wpforms-required-label\">*<\/span><\/label><select id=\"wpforms-2302-field_9\" class=\"wpforms-field-medium wpforms-field-required\" name=\"wpforms[fields][9]\" required=\"required\"><option value=\"\u2014\" >\u2014<\/option><option value=\"Moins de 300\u2009000 $\" >Moins de 300\u2009000 $<\/option><option value=\"300\u2009000 $ \u00e0 999\u2009999 $\" >300\u2009000 $ \u00e0 999\u2009999 $<\/option><option value=\"1 million \u00e0 4\u2009999\u2009999 $\" >1 million \u00e0 4\u2009999\u2009999 $<\/option><option value=\"5 millions et plus\" >5 millions et plus<\/option><\/select><\/div><div id=\"wpforms-2302-field_10-container\" class=\"wpforms-field wpforms-field-select wpforms-field-select-style-classic\" data-field-id=\"10\"><label class=\"wpforms-field-label\" for=\"wpforms-2302-field_10\">Nombre de salari\u00e9s<\/label><select id=\"wpforms-2302-field_10\" class=\"wpforms-field-medium\" name=\"wpforms[fields][10]\"><option value=\"\u2014\" >\u2014<\/option><option value=\"Aucun \" >Aucun<\/option><option value=\"Juste moi\" >Juste moi<\/option><option value=\"2 \u00e0 10 personnes\" >2 \u00e0 10 personnes<\/option><option value=\"11 \u00e0 20 personnes\" >11 \u00e0 20 personnes<\/option><option value=\"21 \u00e0 50 personnes\" >21 \u00e0 50 personnes<\/option><option value=\"50+ personnes\" >50+ personnes<\/option><\/select><\/div><div id=\"wpforms-2302-field_11-container\" class=\"wpforms-field wpforms-field-text\" data-field-id=\"11\"><label class=\"wpforms-field-label\" for=\"wpforms-2302-field_11\">Adresse de facturation <span class=\"wpforms-required-label\">*<\/span><\/label><input type=\"text\" id=\"wpforms-2302-field_11\" class=\"wpforms-field-medium wpforms-field-required\" name=\"wpforms[fields][11]\" required><\/div><div id=\"wpforms-2302-field_12-container\" class=\"wpforms-field wpforms-field-text\" data-field-id=\"12\"><label class=\"wpforms-field-label\" for=\"wpforms-2302-field_12\">Province\/territoire <span class=\"wpforms-required-label\">*<\/span><\/label><input type=\"text\" id=\"wpforms-2302-field_12\" class=\"wpforms-field-medium wpforms-field-required\" name=\"wpforms[fields][12]\" required><\/div><div id=\"wpforms-2302-field_13-container\" class=\"wpforms-field wpforms-field-text\" data-field-id=\"13\"><label class=\"wpforms-field-label\" for=\"wpforms-2302-field_13\">Code postal <span class=\"wpforms-required-label\">*<\/span><\/label><input type=\"text\" id=\"wpforms-2302-field_13\" class=\"wpforms-field-medium wpforms-field-required\" name=\"wpforms[fields][13]\" required><\/div><div id=\"wpforms-2302-field_15-container\" class=\"wpforms-field wpforms-field-phone\" data-field-id=\"15\"><label class=\"wpforms-field-label\" for=\"wpforms-2302-field_15\">No de t\u00e9l\u00e9phone <span class=\"wpforms-required-label\">*<\/span><\/label><input type=\"tel\" id=\"wpforms-2302-field_15\" class=\"wpforms-field-medium wpforms-field-required wpforms-smart-phone-field\" data-rule-smart-phone-field=\"true\" name=\"wpforms[fields][15]\" aria-label=\"No de t\u00e9l\u00e9phone\" required><\/div><div id=\"wpforms-2302-field_16-container\" class=\"wpforms-field wpforms-field-text\" data-field-id=\"16\"><label class=\"wpforms-field-label\" for=\"wpforms-2302-field_16\">Site Web<\/label><input type=\"text\" id=\"wpforms-2302-field_16\" class=\"wpforms-field-medium\" name=\"wpforms[fields][16]\" ><\/div><div id=\"wpforms-2302-field_17-container\" class=\"wpforms-field wpforms-field-file-upload\" data-field-id=\"17\"><label class=\"wpforms-field-label\" for=\"wpforms-2302-field_17\">Logo<\/label><div\n\t\tclass=\"wpforms-uploader\"\n\t\tdata-field-id=\"17\"\n\t\tdata-form-id=\"2302\"\n\t\tdata-input-name=\"wpforms_2302_17\"\n\t\tdata-extensions=\"png,gif,jpg,doc,pdf\"\n\t\tdata-max-size=\"10485760\"\n\t\tdata-max-file-number=\"1\"\n\t\tdata-post-max-size=\"134217728\"\n\t\tdata-max-parallel-uploads=\"4\"\n\t\tdata-parallel-uploads=\"true\"\n\t\tdata-file-chunk-size=\"2097152\">\n\t<div class=\"dz-message\">\n\t\t<svg viewBox=\"0 0 1024 1024\" focusable=\"false\" data-icon=\"inbox\" width=\"50px\" height=\"50px\" fill=\"currentColor\" aria-hidden=\"true\">\n\t\t\t<path d=\"M885.2 446.3l-.2-.8-112.2-285.1c-5-16.1-19.9-27.2-36.8-27.2H281.2c-17 0-32.1 11.3-36.9 27.6L139.4 443l-.3.7-.2.8c-1.3 4.9-1.7 9.9-1 14.8-.1 1.6-.2 3.2-.2 4.8V830a60.9 60.9 0 0 0 60.8 60.8h627.2c33.5 0 60.8-27.3 60.9-60.8V464.1c0-1.3 0-2.6-.1-3.7.4-4.9 0-9.6-1.3-14.1zm-295.8-43l-.3 15.7c-.8 44.9-31.8 75.1-77.1 75.1-22.1 0-41.1-7.1-54.8-20.6S436 441.2 435.6 419l-.3-15.7H229.5L309 210h399.2l81.7 193.3H589.4zm-375 76.8h157.3c24.3 57.1 76 90.8 140.4 90.8 33.7 0 65-9.4 90.3-27.2 22.2-15.6 39.5-37.4 50.7-63.6h156.5V814H214.4V480.1z\"><\/path>\n\t\t<\/svg>\n\t\t<span class=\"modern-title\">Cliquez ou d\u00e9placez un fichier dans cette zone pour le t\u00e9l\u00e9verser.<\/span>\n\n\t\t\t<\/div>\n<\/div>\n<input\n\t\ttype=\"text\"\n\t\tautocomplete=\"off\"\n\t\treadonly\n\t\tclass=\"dropzone-input\"\n\t\tstyle=\"position:absolute!important;clip:rect(0,0,0,0)!important;height:1px!important;width:1px!important;border:0!important;overflow:hidden!important;padding:0!important;margin:0!important;\"\n\t\tid=\"wpforms-2302-field_17\"\n\t\tname=\"wpforms_2302_17\" \t\tvalue=\"\">\n<\/div><div id=\"wpforms-2302-field_18-container\" class=\"wpforms-field wpforms-field-text\" data-field-id=\"18\"><label class=\"wpforms-field-label\" for=\"wpforms-2302-field_18\">Nom du\/de la DG, chef.fe de la direction ou pr\u00e9sident.e <span class=\"wpforms-required-label\">*<\/span><\/label><input type=\"text\" id=\"wpforms-2302-field_18\" class=\"wpforms-field-medium wpforms-field-required\" name=\"wpforms[fields][18]\" required><\/div><div id=\"wpforms-2302-field_19-container\" class=\"wpforms-field wpforms-field-select wpforms-field-select-style-classic\" data-field-id=\"19\"><label class=\"wpforms-field-label\" for=\"wpforms-2302-field_19\">Comment avez-vous entendu parler de l\u2019ACEIJ? <span class=\"wpforms-required-label\">*<\/span><\/label><select id=\"wpforms-2302-field_19\" class=\"wpforms-field-medium wpforms-field-required\" name=\"wpforms[fields][19]\" required=\"required\"><option value=\"\u2014\" >\u2014<\/option><option value=\"\u00c9v\u00e9nement\" >\u00c9v\u00e9nement<\/option><option value=\"Conf\u00e9rence \" >Conf\u00e9rence<\/option><option value=\"Publipostage \u00e9lectronique d\u2019ACEIJ\" >Publipostage \u00e9lectronique d\u2019ACEIJ<\/option><option value=\"Webinaire de l\u2019ACEIJ\" >Webinaire de l\u2019ACEIJ<\/option><option value=\"Recherche sur le Web\" >Recherche sur le Web<\/option><option value=\"Bouche-\u00e0-oreille\" >Bouche-\u00e0-oreille<\/option><option value=\"Autre\" >Autre<\/option><\/select><\/div><div id=\"wpforms-2302-field_20-container\" class=\"wpforms-field wpforms-field-text\" data-field-id=\"20\"><label class=\"wpforms-field-label\" for=\"wpforms-2302-field_20\">Geographic area your organization\/work serves <span class=\"wpforms-required-label\">*<\/span><\/label><input type=\"text\" id=\"wpforms-2302-field_20\" class=\"wpforms-field-medium wpforms-field-required\" name=\"wpforms[fields][20]\" required><\/div><div id=\"wpforms-2302-field_23-container\" class=\"wpforms-field wpforms-field-select wpforms-conditional-trigger wpforms-field-select-style-classic\" data-field-id=\"23\"><label class=\"wpforms-field-label\" for=\"wpforms-2302-field_23\">Mode de paiement:<\/label><select id=\"wpforms-2302-field_23\" class=\"wpforms-field-medium\" name=\"wpforms[fields][23]\"><option value=\"Payer par Paypal (compte Paypal requis)\" >Payer par Paypal (compte Paypal requis)<\/option><option value=\"Payer plus tard (ACEIJ vous contactera pour le paiement par ch\u00e8que)\" >Payer plus tard (ACEIJ vous contactera pour le paiement par ch\u00e8que)<\/option><\/select><\/div><div id=\"wpforms-2302-field_22-container\" class=\"wpforms-field wpforms-field-payment-single wpforms-conditional-field wpforms-conditional-show\" data-field-id=\"22\" style=\"display:none;\"><label class=\"wpforms-field-label\">Demande d\u2019adh\u00e9sion pour une organisation (200 $)<\/label><div class=\"wpforms-single-item-price-content\"><div class=\"wpforms-single-item-price wpforms-field-medium wpforms-payment-price\">Prix\u00a0: <span class=\"wpforms-price\">&#036;200.00<\/span><\/div><\/div><input type=\"hidden\" id=\"wpforms-2302-field_22\" class=\"wpforms-field-medium wpforms-payment-price\" name=\"wpforms[fields][22]\" value=\"&#036;200.00\"><\/div><\/div><!-- .wpforms-field-container --><div class=\"wpforms-recaptcha-container wpforms-is-recaptcha wpforms-is-recaptcha-type-v3\" ><input type=\"hidden\" name=\"wpforms[recaptcha]\" value=\"\"><\/div><div class=\"wpforms-submit-container\" ><input type=\"hidden\" name=\"wpforms[id]\" value=\"2302\"><input type=\"hidden\" name=\"page_title\" value=\"\"><input type=\"hidden\" name=\"page_url\" value=\"https:\/\/pleac2.turnbull.co\/fr\/wp-json\/wp\/v2\/pages\/2306\"><input type=\"hidden\" name=\"url_referer\" value=\"\"><button type=\"submit\" name=\"wpforms[submit]\" id=\"wpforms-submit-2302\" class=\"wpforms-submit\" data-alt-text=\"Transmission...\" data-submit-text=\"Envoyer\" aria-live=\"assertive\" value=\"wpforms-submit\">Envoyer<\/button><\/div><\/form><\/div>  <!-- .wpforms-container -->\n\n\n\n<p><small>Une fois que vous aurez soumis ce formulaire, le site Web vous dirigera vers Paypal. Pour acc\u00e9der \u00e0 Paypal en fran\u00e7ais, cliquer sur le bouton \u00ab Fran\u00e7ais \u00bb sous la bo\u00eete d\u2019ouverture de session Paypal.<\/small><\/p>\n","protected":false},"excerpt":{"rendered":"<p>L\u2019adh\u00e9sion \u00e0 titre d\u2019organisation permet \u00e0 l\u2019ensemble du personnel de l\u2019organisation de participer aux webinaires en direct et au forum de discussion en ligne, et de b\u00e9n\u00e9ficier de tarifs pr\u00e9f\u00e9rentiels pour le congr\u00e8s.<\/p>\n<p>Une fois que vous aurez soumis ce formulaire, le site Web vous dirigera vers Paypal. Pour acc\u00e9der \u00e0 Paypal en fran\u00e7ais,<\/p>\n","protected":false},"author":12,"featured_media":0,"parent":2113,"menu_order":0,"comment_status":"closed","ping_status":"closed","template":"","meta":{"_bbp_topic_count":0,"_bbp_reply_count":0,"_bbp_total_topic_count":0,"_bbp_total_reply_count":0,"_bbp_voice_count":0,"_bbp_anonymous_reply_count":0,"_bbp_topic_count_hidden":0,"_bbp_reply_count_hidden":0,"_bbp_forum_subforum_count":0,"inline_featured_image":false,"footnotes":""},"class_list":["post-2306","page","type-page","status-publish","hentry"],"featured_image_src":null,"yoast_head":"<!-- This site is optimized with the Yoast SEO plugin v25.6 - https:\/\/yoast.com\/wordpress\/plugins\/seo\/ -->\n<title>Formulaire d\u2019adh\u00e9sion \u00e0 titre d\u2019organisation - Public Legal Education Association of Canada<\/title>\n<meta name=\"robots\" content=\"noindex, follow, max-snippet:-1, max-image-preview:large, max-video-preview:-1\" \/>\n<meta property=\"og:locale\" content=\"fr_FR\" \/>\n<meta property=\"og:type\" content=\"article\" \/>\n<meta property=\"og:title\" content=\"Formulaire d\u2019adh\u00e9sion \u00e0 titre d\u2019organisation - Public Legal Education Association of Canada\" \/>\n<meta property=\"og:description\" content=\"L\u2019adh\u00e9sion \u00e0 titre d\u2019organisation permet \u00e0 l\u2019ensemble du personnel de l\u2019organisation de participer aux webinaires en direct et au forum de discussion en ligne, et de b\u00e9n\u00e9ficier de tarifs pr\u00e9f\u00e9rentiels pour le congr\u00e8s.   Une fois que vous aurez soumis ce formulaire, le site Web vous dirigera vers Paypal. Pour acc\u00e9der \u00e0 Paypal en fran\u00e7ais,\" \/>\n<meta property=\"og:url\" content=\"https:\/\/pleac2.turnbull.co\/fr\/abonnement\/devenir-membre-de-laceij\/formulaire-dadhesion-a-titre-dorganisation\/\" \/>\n<meta property=\"og:site_name\" content=\"Public Legal Education Association of Canada\" \/>\n<meta property=\"article:modified_time\" content=\"2021-11-11T18:23:30+00:00\" \/>\n<meta name=\"twitter:card\" content=\"summary_large_image\" \/>\n<meta name=\"twitter:label1\" content=\"Dur\u00e9e de lecture estim\u00e9e\" \/>\n\t<meta name=\"twitter:data1\" content=\"1 minute\" \/>\n<script type=\"application\/ld+json\" class=\"yoast-schema-graph\">{\"@context\":\"https:\/\/schema.org\",\"@graph\":[{\"@type\":\"WebPage\",\"@id\":\"https:\/\/pleac2.turnbull.co\/fr\/abonnement\/devenir-membre-de-laceij\/formulaire-dadhesion-a-titre-dorganisation\/\",\"url\":\"https:\/\/pleac2.turnbull.co\/fr\/abonnement\/devenir-membre-de-laceij\/formulaire-dadhesion-a-titre-dorganisation\/\",\"name\":\"Formulaire d\u2019adh\u00e9sion \u00e0 titre d\u2019organisation - Public Legal Education Association of Canada\",\"isPartOf\":{\"@id\":\"https:\/\/pleac2.turnbull.co\/fr\/#website\"},\"datePublished\":\"2021-09-15T11:52:34+00:00\",\"dateModified\":\"2021-11-11T18:23:30+00:00\",\"breadcrumb\":{\"@id\":\"https:\/\/pleac2.turnbull.co\/fr\/abonnement\/devenir-membre-de-laceij\/formulaire-dadhesion-a-titre-dorganisation\/#breadcrumb\"},\"inLanguage\":\"fr-FR\",\"potentialAction\":[{\"@type\":\"ReadAction\",\"target\":[\"https:\/\/pleac2.turnbull.co\/fr\/abonnement\/devenir-membre-de-laceij\/formulaire-dadhesion-a-titre-dorganisation\/\"]}]},{\"@type\":\"BreadcrumbList\",\"@id\":\"https:\/\/pleac2.turnbull.co\/fr\/abonnement\/devenir-membre-de-laceij\/formulaire-dadhesion-a-titre-dorganisation\/#breadcrumb\",\"itemListElement\":[{\"@type\":\"ListItem\",\"position\":1,\"name\":\"Home\",\"item\":\"https:\/\/pleac2.turnbull.co\/fr\/\"},{\"@type\":\"ListItem\",\"position\":2,\"name\":\"Abonnement\",\"item\":\"https:\/\/pleac2.turnbull.co\/fr\/abonnement\/\"},{\"@type\":\"ListItem\",\"position\":3,\"name\":\"Devenir membre de l\u2019ACEIJ\",\"item\":\"https:\/\/pleac2.turnbull.co\/fr\/abonnement\/devenir-membre-de-laceij\/\"},{\"@type\":\"ListItem\",\"position\":4,\"name\":\"Formulaire d\u2019adh\u00e9sion \u00e0 titre d\u2019organisation\"}]},{\"@type\":\"WebSite\",\"@id\":\"https:\/\/pleac2.turnbull.co\/fr\/#website\",\"url\":\"https:\/\/pleac2.turnbull.co\/fr\/\",\"name\":\"CEO All Clinics\",\"description\":\"\",\"potentialAction\":[{\"@type\":\"SearchAction\",\"target\":{\"@type\":\"EntryPoint\",\"urlTemplate\":\"https:\/\/pleac2.turnbull.co\/fr\/?s={search_term_string}\"},\"query-input\":{\"@type\":\"PropertyValueSpecification\",\"valueRequired\":true,\"valueName\":\"search_term_string\"}}],\"inLanguage\":\"fr-FR\"}]}<\/script>\n<!-- \/ Yoast SEO plugin. -->","yoast_head_json":{"title":"Formulaire d\u2019adh\u00e9sion \u00e0 titre d\u2019organisation - Public Legal Education Association of Canada","robots":{"index":"noindex","follow":"follow","max-snippet":"max-snippet:-1","max-image-preview":"max-image-preview:large","max-video-preview":"max-video-preview:-1"},"og_locale":"fr_FR","og_type":"article","og_title":"Formulaire d\u2019adh\u00e9sion \u00e0 titre d\u2019organisation - Public Legal Education Association of Canada","og_description":"L\u2019adh\u00e9sion \u00e0 titre d\u2019organisation permet \u00e0 l\u2019ensemble du personnel de l\u2019organisation de participer aux webinaires en direct et au forum de discussion en ligne, et de b\u00e9n\u00e9ficier de tarifs pr\u00e9f\u00e9rentiels pour le congr\u00e8s.   Une fois que vous aurez soumis ce formulaire, le site Web vous dirigera vers Paypal. Pour acc\u00e9der \u00e0 Paypal en fran\u00e7ais,","og_url":"https:\/\/pleac2.turnbull.co\/fr\/abonnement\/devenir-membre-de-laceij\/formulaire-dadhesion-a-titre-dorganisation\/","og_site_name":"Public Legal Education Association of Canada","article_modified_time":"2021-11-11T18:23:30+00:00","twitter_card":"summary_large_image","twitter_misc":{"Dur\u00e9e de lecture estim\u00e9e":"1 minute"},"schema":{"@context":"https:\/\/schema.org","@graph":[{"@type":"WebPage","@id":"https:\/\/pleac2.turnbull.co\/fr\/abonnement\/devenir-membre-de-laceij\/formulaire-dadhesion-a-titre-dorganisation\/","url":"https:\/\/pleac2.turnbull.co\/fr\/abonnement\/devenir-membre-de-laceij\/formulaire-dadhesion-a-titre-dorganisation\/","name":"Formulaire d\u2019adh\u00e9sion \u00e0 titre d\u2019organisation - Public Legal Education Association of Canada","isPartOf":{"@id":"https:\/\/pleac2.turnbull.co\/fr\/#website"},"datePublished":"2021-09-15T11:52:34+00:00","dateModified":"2021-11-11T18:23:30+00:00","breadcrumb":{"@id":"https:\/\/pleac2.turnbull.co\/fr\/abonnement\/devenir-membre-de-laceij\/formulaire-dadhesion-a-titre-dorganisation\/#breadcrumb"},"inLanguage":"fr-FR","potentialAction":[{"@type":"ReadAction","target":["https:\/\/pleac2.turnbull.co\/fr\/abonnement\/devenir-membre-de-laceij\/formulaire-dadhesion-a-titre-dorganisation\/"]}]},{"@type":"BreadcrumbList","@id":"https:\/\/pleac2.turnbull.co\/fr\/abonnement\/devenir-membre-de-laceij\/formulaire-dadhesion-a-titre-dorganisation\/#breadcrumb","itemListElement":[{"@type":"ListItem","position":1,"name":"Home","item":"https:\/\/pleac2.turnbull.co\/fr\/"},{"@type":"ListItem","position":2,"name":"Abonnement","item":"https:\/\/pleac2.turnbull.co\/fr\/abonnement\/"},{"@type":"ListItem","position":3,"name":"Devenir membre de l\u2019ACEIJ","item":"https:\/\/pleac2.turnbull.co\/fr\/abonnement\/devenir-membre-de-laceij\/"},{"@type":"ListItem","position":4,"name":"Formulaire d\u2019adh\u00e9sion \u00e0 titre d\u2019organisation"}]},{"@type":"WebSite","@id":"https:\/\/pleac2.turnbull.co\/fr\/#website","url":"https:\/\/pleac2.turnbull.co\/fr\/","name":"CEO All Clinics","description":"","potentialAction":[{"@type":"SearchAction","target":{"@type":"EntryPoint","urlTemplate":"https:\/\/pleac2.turnbull.co\/fr\/?s={search_term_string}"},"query-input":{"@type":"PropertyValueSpecification","valueRequired":true,"valueName":"search_term_string"}}],"inLanguage":"fr-FR"}]}},"_links":{"self":[{"href":"https:\/\/pleac2.turnbull.co\/fr\/wp-json\/wp\/v2\/pages\/2306","targetHints":{"allow":["GET"]}}],"collection":[{"href":"https:\/\/pleac2.turnbull.co\/fr\/wp-json\/wp\/v2\/pages"}],"about":[{"href":"https:\/\/pleac2.turnbull.co\/fr\/wp-json\/wp\/v2\/types\/page"}],"author":[{"embeddable":true,"href":"https:\/\/pleac2.turnbull.co\/fr\/wp-json\/wp\/v2\/users\/12"}],"replies":[{"embeddable":true,"href":"https:\/\/pleac2.turnbull.co\/fr\/wp-json\/wp\/v2\/comments?post=2306"}],"version-history":[{"count":2,"href":"https:\/\/pleac2.turnbull.co\/fr\/wp-json\/wp\/v2\/pages\/2306\/revisions"}],"predecessor-version":[{"id":2458,"href":"https:\/\/pleac2.turnbull.co\/fr\/wp-json\/wp\/v2\/pages\/2306\/revisions\/2458"}],"up":[{"embeddable":true,"href":"https:\/\/pleac2.turnbull.co\/fr\/wp-json\/wp\/v2\/pages\/2113"}],"wp:attachment":[{"href":"https:\/\/pleac2.turnbull.co\/fr\/wp-json\/wp\/v2\/media?parent=2306"}],"curies":[{"name":"wp","href":"https:\/\/api.w.org\/{rel}","templated":true}]}}