{"id":2308,"date":"2021-09-15T07:54:33","date_gmt":"2021-09-15T11:54:33","guid":{"rendered":"https:\/\/pleac2.turnbull.co\/?page_id=2308"},"modified":"2021-09-15T07:54:35","modified_gmt":"2021-09-15T11:54:35","slug":"formulaire-dadhesion-a-titre-detudiant-e-individuel-le","status":"publish","type":"page","link":"https:\/\/pleac2.turnbull.co\/fr\/abonnement\/devenir-membre-de-laceij\/formulaire-dadhesion-a-titre-detudiant-e-individuel-le\/","title":{"rendered":"Formulaire d\u2019adh\u00e9sion \u00e0 titre d\u2019\u00e9tudiant.e individuel.le"},"content":{"rendered":"\n<p>L\u2019adh\u00e9sion est gratuite pour les \u00e9tudiant.e.s! L\u2019adh\u00e9sion \u00e0 titre d\u2019\u00e9tudiant.e permet \u00e0 un.e \u00e9tudiant.e de participer aux webinaires en direct et au forum de discussion en ligne, et de b\u00e9n\u00e9ficier de tarifs pr\u00e9f\u00e9rentiels pour le congr\u00e8s.<\/p>\n\n\n<div class=\"wpforms-container wpforms-container-full\" id=\"wpforms-2301\"><form id=\"wpforms-form-2301\" class=\"wpforms-validate wpforms-form\" data-formid=\"2301\" method=\"post\" enctype=\"multipart\/form-data\" action=\"\/fr\/wp-json\/wp\/v2\/pages\/2308\" data-token=\"4f3902b6356c8221d64def4fdab10f1c\" data-token-time=\"1775524723\"><noscript class=\"wpforms-error-noscript\">Veuillez activer JavaScript dans votre navigateur pour remplir ce formulaire.<\/noscript><div class=\"wpforms-field-container\"><div id=\"wpforms-2301-field_2-container\" class=\"wpforms-field wpforms-field-name\" data-field-id=\"2\"><label class=\"wpforms-field-label\">Nom <span class=\"wpforms-required-label\">*<\/span><\/label><div class=\"wpforms-field-row wpforms-field-medium\"><div class=\"wpforms-field-row-block wpforms-first wpforms-one-half\"><input type=\"text\" id=\"wpforms-2301-field_2\" class=\"wpforms-field-name-first wpforms-field-required\" name=\"wpforms[fields][2][first]\" required><label for=\"wpforms-2301-field_2\" class=\"wpforms-field-sublabel after\">Pr\u00e9nom<\/label><\/div><div class=\"wpforms-field-row-block wpforms-one-half\"><input type=\"text\" id=\"wpforms-2301-field_2-last\" class=\"wpforms-field-name-last wpforms-field-required\" name=\"wpforms[fields][2][last]\" required><label for=\"wpforms-2301-field_2-last\" class=\"wpforms-field-sublabel after\">Nom<\/label><\/div><\/div><\/div><div id=\"wpforms-2301-field_3-container\" class=\"wpforms-field wpforms-field-email\" data-field-id=\"3\"><label class=\"wpforms-field-label\" for=\"wpforms-2301-field_3\">Adresse de courriel <span class=\"wpforms-required-label\">*<\/span><\/label><input type=\"email\" id=\"wpforms-2301-field_3\" class=\"wpforms-field-medium wpforms-field-required\" name=\"wpforms[fields][3]\" spellcheck=\"false\" required><\/div><div id=\"wpforms-2301-field_4-container\" class=\"wpforms-field wpforms-field-phone\" data-field-id=\"4\"><label class=\"wpforms-field-label\" for=\"wpforms-2301-field_4\">No de t\u00e9l\u00e9phone <span class=\"wpforms-required-label\">*<\/span><\/label><input type=\"tel\" id=\"wpforms-2301-field_4\" class=\"wpforms-field-medium wpforms-field-required wpforms-smart-phone-field\" data-rule-smart-phone-field=\"true\" name=\"wpforms[fields][4]\" aria-label=\"No de t\u00e9l\u00e9phone\" required><\/div><div id=\"wpforms-2301-field_16-container\" class=\"wpforms-field wpforms-field-text\" data-field-id=\"16\"><label class=\"wpforms-field-label\" for=\"wpforms-2301-field_16\">Ville <span class=\"wpforms-required-label\">*<\/span><\/label><input type=\"text\" id=\"wpforms-2301-field_16\" class=\"wpforms-field-medium wpforms-field-required\" name=\"wpforms[fields][16]\" required><\/div><div id=\"wpforms-2301-field_9-container\" class=\"wpforms-field wpforms-field-select wpforms-conditional-trigger wpforms-field-select-style-modern\" data-field-id=\"9\"><label class=\"wpforms-field-label\" for=\"wpforms-2301-field_9\">\u00cates-vous pr\u00e9sentement aux \u00e9tudes? <span class=\"wpforms-required-label\">*<\/span><\/label><select id=\"wpforms-2301-field_9\" class=\"wpforms-field-medium wpforms-field-required choicesjs-select\" data-size-class=\"wpforms-field-row wpforms-field-medium\" data-search-enabled=\"\" name=\"wpforms[fields][9]\" required=\"required\"><option value=\"\" class=\"placeholder\" disabled ><\/option><option value=\"\u2014\"  selected='selected'>\u2014<\/option><option value=\"Oui\" >Oui<\/option><option value=\"Non\" >Non<\/option><\/select><\/div><div id=\"wpforms-2301-field_10-container\" class=\"wpforms-field wpforms-field-text wpforms-conditional-field wpforms-conditional-show\" data-field-id=\"10\" style=\"display:none;\"><label class=\"wpforms-field-label\" for=\"wpforms-2301-field_10\">Quel \u00e9tablissement fr\u00e9quentez-vous?<\/label><input type=\"text\" id=\"wpforms-2301-field_10\" class=\"wpforms-field-medium\" name=\"wpforms[fields][10]\" ><\/div><div id=\"wpforms-2301-field_11-container\" class=\"wpforms-field wpforms-field-text wpforms-conditional-field wpforms-conditional-show\" data-field-id=\"11\" style=\"display:none;\"><label class=\"wpforms-field-label\" for=\"wpforms-2301-field_11\">Dans quel domaine \u00e9tudiez-vous?<\/label><input type=\"text\" id=\"wpforms-2301-field_11\" class=\"wpforms-field-medium\" name=\"wpforms[fields][11]\" ><\/div><div id=\"wpforms-2301-field_17-container\" class=\"wpforms-field wpforms-field-select wpforms-field-select-style-classic\" data-field-id=\"17\"><label class=\"wpforms-field-label\" for=\"wpforms-2301-field_17\">Comment avez-vous entendu parler de l\u2019ACEIJ? <span class=\"wpforms-required-label\">*<\/span><\/label><select id=\"wpforms-2301-field_17\" class=\"wpforms-field-medium wpforms-field-required\" name=\"wpforms[fields][17]\" required=\"required\"><option value=\"\u2014\" >\u2014<\/option><option value=\"\u00c9v\u00e9nement\" >\u00c9v\u00e9nement<\/option><option value=\"Conf\u00e9rence\" >Conf\u00e9rence<\/option><option value=\"Publipostage \u00e9lectronique d\u2019ACEIJ\" >Publipostage \u00e9lectronique d\u2019ACEIJ<\/option><option value=\"Webinaire de l\u2019ACEIJ\" >Webinaire de l\u2019ACEIJ<\/option><option value=\"Recherche sur le Web\" >Recherche sur le Web<\/option><option value=\"Bouche-\u00e0-oreille\" >Bouche-\u00e0-oreille<\/option><option value=\"Autre\" >Autre<\/option><\/select><\/div><\/div><!-- .wpforms-field-container --><div class=\"wpforms-recaptcha-container wpforms-is-recaptcha wpforms-is-recaptcha-type-v3\" ><input type=\"hidden\" name=\"wpforms[recaptcha]\" value=\"\"><\/div><div class=\"wpforms-submit-container\" ><input type=\"hidden\" name=\"wpforms[id]\" value=\"2301\"><input type=\"hidden\" name=\"page_title\" value=\"\"><input type=\"hidden\" name=\"page_url\" value=\"https:\/\/pleac2.turnbull.co\/fr\/wp-json\/wp\/v2\/pages\/2308\"><input type=\"hidden\" name=\"url_referer\" value=\"\"><button type=\"submit\" name=\"wpforms[submit]\" id=\"wpforms-submit-2301\" class=\"wpforms-submit btn btn--filled-primary\" data-alt-text=\"Transmission...\" data-submit-text=\"Envoyer\" aria-live=\"assertive\" value=\"wpforms-submit\">Envoyer<\/button><\/div><\/form><\/div>  <!-- .wpforms-container -->\n","protected":false},"excerpt":{"rendered":"<p>L\u2019adh\u00e9sion est gratuite pour les \u00e9tudiant.e.s! L\u2019adh\u00e9sion \u00e0 titre d\u2019\u00e9tudiant.e permet \u00e0 un.e \u00e9tudiant.e de participer aux webinaires en direct et au forum de discussion en ligne, et de b\u00e9n\u00e9ficier de tarifs pr\u00e9f\u00e9rentiels pour le congr\u00e8s.<\/p>\n","protected":false},"author":12,"featured_media":0,"parent":2113,"menu_order":0,"comment_status":"closed","ping_status":"closed","template":"","meta":{"_bbp_topic_count":0,"_bbp_reply_count":0,"_bbp_total_topic_count":0,"_bbp_total_reply_count":0,"_bbp_voice_count":0,"_bbp_anonymous_reply_count":0,"_bbp_topic_count_hidden":0,"_bbp_reply_count_hidden":0,"_bbp_forum_subforum_count":0,"inline_featured_image":false,"footnotes":""},"class_list":["post-2308","page","type-page","status-publish","hentry"],"featured_image_src":null,"yoast_head":"<!-- This site is optimized with the Yoast SEO plugin v25.6 - https:\/\/yoast.com\/wordpress\/plugins\/seo\/ -->\n<title>Formulaire d\u2019adh\u00e9sion \u00e0 titre d\u2019\u00e9tudiant.e individuel.le - Public Legal Education Association of Canada<\/title>\n<meta name=\"robots\" content=\"noindex, follow, max-snippet:-1, max-image-preview:large, max-video-preview:-1\" \/>\n<meta property=\"og:locale\" content=\"fr_FR\" \/>\n<meta property=\"og:type\" content=\"article\" \/>\n<meta property=\"og:title\" content=\"Formulaire d\u2019adh\u00e9sion \u00e0 titre d\u2019\u00e9tudiant.e individuel.le - Public Legal Education Association of Canada\" \/>\n<meta property=\"og:description\" content=\"L\u2019adh\u00e9sion est gratuite pour les \u00e9tudiant.e.s! L\u2019adh\u00e9sion \u00e0 titre d\u2019\u00e9tudiant.e permet \u00e0 un.e \u00e9tudiant.e de participer aux webinaires en direct et au forum de discussion en ligne, et de b\u00e9n\u00e9ficier de tarifs pr\u00e9f\u00e9rentiels pour le congr\u00e8s.\" \/>\n<meta property=\"og:url\" content=\"https:\/\/pleac2.turnbull.co\/fr\/abonnement\/devenir-membre-de-laceij\/formulaire-dadhesion-a-titre-detudiant-e-individuel-le\/\" \/>\n<meta property=\"og:site_name\" content=\"Public Legal Education Association of Canada\" \/>\n<meta property=\"article:modified_time\" content=\"2021-09-15T11:54:35+00:00\" \/>\n<meta name=\"twitter:card\" content=\"summary_large_image\" \/>\n<meta name=\"twitter:label1\" content=\"Dur\u00e9e de lecture estim\u00e9e\" \/>\n\t<meta name=\"twitter:data1\" content=\"1 minute\" \/>\n<script type=\"application\/ld+json\" class=\"yoast-schema-graph\">{\"@context\":\"https:\/\/schema.org\",\"@graph\":[{\"@type\":\"WebPage\",\"@id\":\"https:\/\/pleac2.turnbull.co\/fr\/abonnement\/devenir-membre-de-laceij\/formulaire-dadhesion-a-titre-detudiant-e-individuel-le\/\",\"url\":\"https:\/\/pleac2.turnbull.co\/fr\/abonnement\/devenir-membre-de-laceij\/formulaire-dadhesion-a-titre-detudiant-e-individuel-le\/\",\"name\":\"Formulaire d\u2019adh\u00e9sion \u00e0 titre d\u2019\u00e9tudiant.e individuel.le - Public Legal Education Association of Canada\",\"isPartOf\":{\"@id\":\"https:\/\/pleac2.turnbull.co\/fr\/#website\"},\"datePublished\":\"2021-09-15T11:54:33+00:00\",\"dateModified\":\"2021-09-15T11:54:35+00:00\",\"breadcrumb\":{\"@id\":\"https:\/\/pleac2.turnbull.co\/fr\/abonnement\/devenir-membre-de-laceij\/formulaire-dadhesion-a-titre-detudiant-e-individuel-le\/#breadcrumb\"},\"inLanguage\":\"fr-FR\",\"potentialAction\":[{\"@type\":\"ReadAction\",\"target\":[\"https:\/\/pleac2.turnbull.co\/fr\/abonnement\/devenir-membre-de-laceij\/formulaire-dadhesion-a-titre-detudiant-e-individuel-le\/\"]}]},{\"@type\":\"BreadcrumbList\",\"@id\":\"https:\/\/pleac2.turnbull.co\/fr\/abonnement\/devenir-membre-de-laceij\/formulaire-dadhesion-a-titre-detudiant-e-individuel-le\/#breadcrumb\",\"itemListElement\":[{\"@type\":\"ListItem\",\"position\":1,\"name\":\"Home\",\"item\":\"https:\/\/pleac2.turnbull.co\/fr\/\"},{\"@type\":\"ListItem\",\"position\":2,\"name\":\"Abonnement\",\"item\":\"https:\/\/pleac2.turnbull.co\/fr\/abonnement\/\"},{\"@type\":\"ListItem\",\"position\":3,\"name\":\"Devenir membre de l\u2019ACEIJ\",\"item\":\"https:\/\/pleac2.turnbull.co\/fr\/abonnement\/devenir-membre-de-laceij\/\"},{\"@type\":\"ListItem\",\"position\":4,\"name\":\"Formulaire d\u2019adh\u00e9sion \u00e0 titre d\u2019\u00e9tudiant.e individuel.le\"}]},{\"@type\":\"WebSite\",\"@id\":\"https:\/\/pleac2.turnbull.co\/fr\/#website\",\"url\":\"https:\/\/pleac2.turnbull.co\/fr\/\",\"name\":\"CEO All Clinics\",\"description\":\"\",\"potentialAction\":[{\"@type\":\"SearchAction\",\"target\":{\"@type\":\"EntryPoint\",\"urlTemplate\":\"https:\/\/pleac2.turnbull.co\/fr\/?s={search_term_string}\"},\"query-input\":{\"@type\":\"PropertyValueSpecification\",\"valueRequired\":true,\"valueName\":\"search_term_string\"}}],\"inLanguage\":\"fr-FR\"}]}<\/script>\n<!-- \/ Yoast SEO plugin. -->","yoast_head_json":{"title":"Formulaire d\u2019adh\u00e9sion \u00e0 titre d\u2019\u00e9tudiant.e individuel.le - Public Legal Education Association of Canada","robots":{"index":"noindex","follow":"follow","max-snippet":"max-snippet:-1","max-image-preview":"max-image-preview:large","max-video-preview":"max-video-preview:-1"},"og_locale":"fr_FR","og_type":"article","og_title":"Formulaire d\u2019adh\u00e9sion \u00e0 titre d\u2019\u00e9tudiant.e individuel.le - Public Legal Education Association of Canada","og_description":"L\u2019adh\u00e9sion est gratuite pour les \u00e9tudiant.e.s! L\u2019adh\u00e9sion \u00e0 titre d\u2019\u00e9tudiant.e permet \u00e0 un.e \u00e9tudiant.e de participer aux webinaires en direct et au forum de discussion en ligne, et de b\u00e9n\u00e9ficier de tarifs pr\u00e9f\u00e9rentiels pour le congr\u00e8s.","og_url":"https:\/\/pleac2.turnbull.co\/fr\/abonnement\/devenir-membre-de-laceij\/formulaire-dadhesion-a-titre-detudiant-e-individuel-le\/","og_site_name":"Public Legal Education Association of Canada","article_modified_time":"2021-09-15T11:54:35+00:00","twitter_card":"summary_large_image","twitter_misc":{"Dur\u00e9e de lecture estim\u00e9e":"1 minute"},"schema":{"@context":"https:\/\/schema.org","@graph":[{"@type":"WebPage","@id":"https:\/\/pleac2.turnbull.co\/fr\/abonnement\/devenir-membre-de-laceij\/formulaire-dadhesion-a-titre-detudiant-e-individuel-le\/","url":"https:\/\/pleac2.turnbull.co\/fr\/abonnement\/devenir-membre-de-laceij\/formulaire-dadhesion-a-titre-detudiant-e-individuel-le\/","name":"Formulaire d\u2019adh\u00e9sion \u00e0 titre d\u2019\u00e9tudiant.e individuel.le - Public Legal Education Association of Canada","isPartOf":{"@id":"https:\/\/pleac2.turnbull.co\/fr\/#website"},"datePublished":"2021-09-15T11:54:33+00:00","dateModified":"2021-09-15T11:54:35+00:00","breadcrumb":{"@id":"https:\/\/pleac2.turnbull.co\/fr\/abonnement\/devenir-membre-de-laceij\/formulaire-dadhesion-a-titre-detudiant-e-individuel-le\/#breadcrumb"},"inLanguage":"fr-FR","potentialAction":[{"@type":"ReadAction","target":["https:\/\/pleac2.turnbull.co\/fr\/abonnement\/devenir-membre-de-laceij\/formulaire-dadhesion-a-titre-detudiant-e-individuel-le\/"]}]},{"@type":"BreadcrumbList","@id":"https:\/\/pleac2.turnbull.co\/fr\/abonnement\/devenir-membre-de-laceij\/formulaire-dadhesion-a-titre-detudiant-e-individuel-le\/#breadcrumb","itemListElement":[{"@type":"ListItem","position":1,"name":"Home","item":"https:\/\/pleac2.turnbull.co\/fr\/"},{"@type":"ListItem","position":2,"name":"Abonnement","item":"https:\/\/pleac2.turnbull.co\/fr\/abonnement\/"},{"@type":"ListItem","position":3,"name":"Devenir membre de l\u2019ACEIJ","item":"https:\/\/pleac2.turnbull.co\/fr\/abonnement\/devenir-membre-de-laceij\/"},{"@type":"ListItem","position":4,"name":"Formulaire d\u2019adh\u00e9sion \u00e0 titre d\u2019\u00e9tudiant.e individuel.le"}]},{"@type":"WebSite","@id":"https:\/\/pleac2.turnbull.co\/fr\/#website","url":"https:\/\/pleac2.turnbull.co\/fr\/","name":"CEO All Clinics","description":"","potentialAction":[{"@type":"SearchAction","target":{"@type":"EntryPoint","urlTemplate":"https:\/\/pleac2.turnbull.co\/fr\/?s={search_term_string}"},"query-input":{"@type":"PropertyValueSpecification","valueRequired":true,"valueName":"search_term_string"}}],"inLanguage":"fr-FR"}]}},"_links":{"self":[{"href":"https:\/\/pleac2.turnbull.co\/fr\/wp-json\/wp\/v2\/pages\/2308","targetHints":{"allow":["GET"]}}],"collection":[{"href":"https:\/\/pleac2.turnbull.co\/fr\/wp-json\/wp\/v2\/pages"}],"about":[{"href":"https:\/\/pleac2.turnbull.co\/fr\/wp-json\/wp\/v2\/types\/page"}],"author":[{"embeddable":true,"href":"https:\/\/pleac2.turnbull.co\/fr\/wp-json\/wp\/v2\/users\/12"}],"replies":[{"embeddable":true,"href":"https:\/\/pleac2.turnbull.co\/fr\/wp-json\/wp\/v2\/comments?post=2308"}],"version-history":[{"count":1,"href":"https:\/\/pleac2.turnbull.co\/fr\/wp-json\/wp\/v2\/pages\/2308\/revisions"}],"predecessor-version":[{"id":2309,"href":"https:\/\/pleac2.turnbull.co\/fr\/wp-json\/wp\/v2\/pages\/2308\/revisions\/2309"}],"up":[{"embeddable":true,"href":"https:\/\/pleac2.turnbull.co\/fr\/wp-json\/wp\/v2\/pages\/2113"}],"wp:attachment":[{"href":"https:\/\/pleac2.turnbull.co\/fr\/wp-json\/wp\/v2\/media?parent=2308"}],"curies":[{"name":"wp","href":"https:\/\/api.w.org\/{rel}","templated":true}]}}